{"id":8,"date":"2024-09-15T09:07:43","date_gmt":"2024-09-15T09:07:43","guid":{"rendered":"\/?page_id=8"},"modified":"2026-03-22T10:58:36","modified_gmt":"2026-03-22T10:58:36","slug":"home","status":"publish","type":"page","link":"\/","title":{"rendered":"Home"},"content":{"rendered":"\t\t<div data-elementor-type=\"wp-page\" data-elementor-id=\"8\" class=\"elementor elementor-8\" data-elementor-post-type=\"page\">\n\t\t\t\t<div class=\"elementor-element elementor-element-10f9be4 e-con-full elementor-hidden-tablet elementor-hidden-mobile e-flex e-con e-parent\" data-id=\"10f9be4\" data-element_type=\"container\" data-e-type=\"container\" data-settings=\"{&quot;background_background&quot;:&quot;video&quot;,&quot;background_video_link&quot;:&quot;\\\/wp-content\\\/uploads\\\/2024\\\/12\\\/reel-Bs-1.mp4&quot;}\">\n\t\t<div class=\"elementor-background-video-container elementor-hidden-mobile\">\n\t\t\t\t\t\t\t<video class=\"elementor-background-video-hosted\" role=\"presentation\" autoplay muted playsinline loop><\/video>\n\t\t\t\t\t<\/div>\t\t<div class=\"elementor-element elementor-element-8ec5750 elementor-widget elementor-widget-image\" data-id=\"8ec5750\" data-element_type=\"widget\" data-e-type=\"widget\" data-widget_type=\"image.default\">\n\t\t\t\t<div class=\"elementor-widget-container\">\n\t\t\t\t\t\t\t\t\t\t\t\t\t\t\t<img fetchpriority=\"high\" decoding=\"async\" width=\"516\" height=\"512\" src=\"\/wp-content\/uploads\/2024\/09\/Favicon-sottano.png\" class=\"attachment-full size-full wp-image-36\" alt=\"\" srcset=\"\/wp-content\/uploads\/2024\/09\/Favicon-sottano.png 516w, \/wp-content\/uploads\/2024\/09\/Favicon-sottano-300x298.png 300w, \/wp-content\/uploads\/2024\/09\/Favicon-sottano-150x150.png 150w\" sizes=\"(max-width: 516px) 100vw, 516px\" \/>\t\t\t\t\t\t\t\t\t\t\t\t\t\t\t<\/div>\n\t\t\t\t<\/div>\n\t\t\t\t<div class=\"elementor-element elementor-element-e4b1054 elementor-widget elementor-widget-heading\" data-id=\"e4b1054\" data-element_type=\"widget\" data-e-type=\"widget\" data-widget_type=\"heading.default\">\n\t\t\t\t<div class=\"elementor-widget-container\">\n\t\t\t\t\t<h2 class=\"elementor-heading-title elementor-size-default\">La elegancia de lo cl\u00e1sico<\/h2>\t\t\t\t<\/div>\n\t\t\t\t<\/div>\n\t\t\t\t<\/div>\n\t\t<div class=\"elementor-element elementor-element-4691277 e-con-full elementor-hidden-desktop elementor-hidden-widescreen e-flex e-con e-parent\" data-id=\"4691277\" data-element_type=\"container\" data-e-type=\"container\" data-settings=\"{&quot;background_background&quot;:&quot;video&quot;,&quot;background_video_link&quot;:&quot;\\\/wp-content\\\/uploads\\\/2024\\\/12\\\/Sin-titulo-1080-x-1920-px.mp4&quot;,&quot;background_play_on_mobile&quot;:&quot;yes&quot;}\">\n\t\t<div class=\"elementor-background-video-container\">\n\t\t\t\t\t\t\t<video class=\"elementor-background-video-hosted\" role=\"presentation\" autoplay muted playsinline loop><\/video>\n\t\t\t\t\t<\/div>\t\t<div class=\"elementor-element elementor-element-acf38fb elementor-widget elementor-widget-image\" data-id=\"acf38fb\" data-element_type=\"widget\" data-e-type=\"widget\" data-widget_type=\"image.default\">\n\t\t\t\t<div class=\"elementor-widget-container\">\n\t\t\t\t\t\t\t\t\t\t\t\t\t\t\t<img fetchpriority=\"high\" decoding=\"async\" width=\"516\" height=\"512\" src=\"\/wp-content\/uploads\/2024\/09\/Favicon-sottano.png\" class=\"attachment-full size-full wp-image-36\" alt=\"\" srcset=\"\/wp-content\/uploads\/2024\/09\/Favicon-sottano.png 516w, \/wp-content\/uploads\/2024\/09\/Favicon-sottano-300x298.png 300w, \/wp-content\/uploads\/2024\/09\/Favicon-sottano-150x150.png 150w\" sizes=\"(max-width: 516px) 100vw, 516px\" \/>\t\t\t\t\t\t\t\t\t\t\t\t\t\t\t<\/div>\n\t\t\t\t<\/div>\n\t\t\t\t<div class=\"elementor-element elementor-element-25d4a19 elementor-widget elementor-widget-heading\" data-id=\"25d4a19\" data-element_type=\"widget\" data-e-type=\"widget\" data-widget_type=\"heading.default\">\n\t\t\t\t<div class=\"elementor-widget-container\">\n\t\t\t\t\t<h2 class=\"elementor-heading-title elementor-size-default\">La elegancia de lo cl\u00e1sico<\/h2>\t\t\t\t<\/div>\n\t\t\t\t<\/div>\n\t\t\t\t<\/div>\n\t\t<div class=\"elementor-element elementor-element-c803913 e-con-full e-flex e-con e-parent\" data-id=\"c803913\" data-element_type=\"container\" data-e-type=\"container\" id=\"historia\" data-settings=\"{&quot;background_background&quot;:&quot;classic&quot;}\">\n\t\t<div class=\"elementor-element elementor-element-555ddab e-con-full e-flex e-con e-child\" data-id=\"555ddab\" data-element_type=\"container\" data-e-type=\"container\" data-settings=\"{&quot;background_background&quot;:&quot;classic&quot;}\">\n\t\t\t\t<div class=\"elementor-element elementor-element-1e0e07d elementor-widget-mobile__width-initial elementor-widget elementor-widget-heading\" data-id=\"1e0e07d\" data-element_type=\"widget\" data-e-type=\"widget\" data-widget_type=\"heading.default\">\n\t\t\t\t<div class=\"elementor-widget-container\">\n\t\t\t\t\t<h1 class=\"elementor-heading-title elementor-size-default\">Historia<\/h1>\t\t\t\t<\/div>\n\t\t\t\t<\/div>\n\t\t\t\t<div class=\"elementor-element elementor-element-09ba549 txt-justi elementor-widget elementor-widget-text-editor\" data-id=\"09ba549\" data-element_type=\"widget\" data-e-type=\"widget\" data-widget_type=\"text-editor.default\">\n\t\t\t\t<div class=\"elementor-widget-container\">\n\t\t\t\t\t\t\t\t\t<p class=\"p1\"><span class=\"s1\">En la gran historia argentina recordaremos siempre a aquellos valientes, quienes vinieron a descubrir un nuevo mundo.<br \/><\/span><\/p><p class=\"p1\"><span class=\"s1\">Nuestro fundador, Don Fioravante fue uno de ellos.\u00a0Destacado entre los precursores de la producci\u00f3n vitivin\u00edcola mendocina.<\/span><\/p><p>Bodega Sottano se sostiene sobre los valores y el legado de una familia, que a trav\u00e9s del cuidado, la dedicaci\u00f3n y el esfuerzo diario, la convirtieron en un tesoro al pie de la Cordillera de los Andes.<\/p>\t\t\t\t\t\t\t\t<\/div>\n\t\t\t\t<\/div>\n\t\t\t\t<\/div>\n\t\t<div class=\"elementor-element elementor-element-03c4db3 e-con-full elementor-hidden-tablet elementor-hidden-mobile e-flex e-con e-child\" data-id=\"03c4db3\" data-element_type=\"container\" data-e-type=\"container\" data-settings=\"{&quot;background_background&quot;:&quot;classic&quot;}\">\n\t\t\t\t<\/div>\n\t\t\t\t<\/div>\n\t\t<div class=\"elementor-element elementor-element-7995315 e-flex e-con-boxed e-con e-parent\" data-id=\"7995315\" data-element_type=\"container\" data-e-type=\"container\">\n\t\t\t\t\t<div class=\"e-con-inner\">\n\t\t<div class=\"elementor-element elementor-element-3da4c72 e-con-full e-flex e-con e-child\" data-id=\"3da4c72\" data-element_type=\"container\" data-e-type=\"container\" data-settings=\"{&quot;background_background&quot;:&quot;classic&quot;}\">\n\t\t\t\t<div class=\"elementor-element elementor-element-7227611 elementor-widget elementor-widget-text-editor\" data-id=\"7227611\" data-element_type=\"widget\" data-e-type=\"widget\" data-widget_type=\"text-editor.default\">\n\t\t\t\t<div class=\"elementor-widget-container\">\n\t\t\t\t\t\t\t\t\t<p>Fundados sobre bases s\u00f3lidas continuamos escribiendo la\u00a0historia\u00a0del vino.\u00a0<br \/>Al igual que nuestros predecesores apostamos a levantar la mirada\u00a0<br \/>y enfrentar con total firmeza y confianza, el porvenir.<\/p>\t\t\t\t\t\t\t\t<\/div>\n\t\t\t\t<\/div>\n\t\t\t\t<\/div>\n\t\t\t\t\t<\/div>\n\t\t\t\t<\/div>\n\t\t<div class=\"elementor-element elementor-element-2f42c20 e-con-full e-flex e-con e-parent\" data-id=\"2f42c20\" data-element_type=\"container\" data-e-type=\"container\" data-settings=\"{&quot;background_background&quot;:&quot;classic&quot;}\">\n\t\t<div class=\"elementor-element elementor-element-636233c e-con-full e-flex e-con e-child\" data-id=\"636233c\" data-element_type=\"container\" data-e-type=\"container\" data-settings=\"{&quot;background_background&quot;:&quot;classic&quot;}\">\n\t\t\t\t<div class=\"elementor-element elementor-element-b4b70ff elementor-widget elementor-widget-heading\" data-id=\"b4b70ff\" data-element_type=\"widget\" data-e-type=\"widget\" data-widget_type=\"heading.default\">\n\t\t\t\t<div class=\"elementor-widget-container\">\n\t\t\t\t\t<h2 class=\"elementor-heading-title elementor-size-default\">Producci\u00f3n<\/h2>\t\t\t\t<\/div>\n\t\t\t\t<\/div>\n\t\t\t\t<div class=\"elementor-element elementor-element-318813c txt-justi elementor-widget elementor-widget-text-editor\" data-id=\"318813c\" data-element_type=\"widget\" data-e-type=\"widget\" data-widget_type=\"text-editor.default\">\n\t\t\t\t<div class=\"elementor-widget-container\">\n\t\t\t\t\t\t\t\t\t<p class=\"p1\"><span class=\"s1\">Actualmente contamos con una capacidad de producci\u00f3n de 925 mil litros, que se distribuyen en tanques de acero inoxidable de peque\u00f1os y medianos vol\u00famenes, lo que nos permite un mejor y meticuloso control de calidad. <\/span><\/p><p class=\"p1\"><span class=\"s1\">Nuestra cava subterr\u00e1nea, cuenta con m\u00e1s de 1500 barricas, 80% de roble franc\u00e9s, y 20% de roble h\u00fangaro, donde reposan nuestros mejores vinos de alta gama.<\/span><\/p><p class=\"p1\"><span class=\"s1\">Una sala de vinificaciones, con huevos de concreto, barricas de acero, \u00e1nforas de barro y fudres, nos permite experimentar y crear con exclusivas parcelas y partidas&#8230;<\/span><\/p>\t\t\t\t\t\t\t\t<\/div>\n\t\t\t\t<\/div>\n\t\t\t\t<\/div>\n\t\t<div class=\"elementor-element elementor-element-20676b4 e-con-full elementor-hidden-tablet elementor-hidden-mobile e-flex e-con e-child\" data-id=\"20676b4\" data-element_type=\"container\" data-e-type=\"container\" data-settings=\"{&quot;background_background&quot;:&quot;classic&quot;}\">\n\t\t\t\t<\/div>\n\t\t\t\t<\/div>\n\t\t<div class=\"elementor-element elementor-element-0939982 e-flex e-con-boxed e-con e-parent\" data-id=\"0939982\" data-element_type=\"container\" data-e-type=\"container\">\n\t\t\t\t\t<div class=\"e-con-inner\">\n\t\t<div class=\"elementor-element elementor-element-5b2f53f e-con-full e-flex e-con e-child\" data-id=\"5b2f53f\" data-element_type=\"container\" data-e-type=\"container\" data-settings=\"{&quot;background_background&quot;:&quot;classic&quot;}\">\n\t\t\t\t<\/div>\n\t\t<div class=\"elementor-element elementor-element-1eae409 e-con-full e-flex e-con e-child\" data-id=\"1eae409\" data-element_type=\"container\" data-e-type=\"container\" data-settings=\"{&quot;background_background&quot;:&quot;classic&quot;}\">\n\t\t\t\t<div class=\"elementor-element elementor-element-30a7f0d elementor-widget elementor-widget-heading\" data-id=\"30a7f0d\" data-element_type=\"widget\" data-e-type=\"widget\" data-widget_type=\"heading.default\">\n\t\t\t\t<div class=\"elementor-widget-container\">\n\t\t\t\t\t<h2 class=\"elementor-heading-title elementor-size-default\">\u00daLTIMO LANZAMIENTO<\/h2>\t\t\t\t<\/div>\n\t\t\t\t<\/div>\n\t\t\t\t<div class=\"elementor-element elementor-element-37fdb7e elementor-widget elementor-widget-heading\" data-id=\"37fdb7e\" data-element_type=\"widget\" data-e-type=\"widget\" data-widget_type=\"heading.default\">\n\t\t\t\t<div class=\"elementor-widget-container\">\n\t\t\t\t\t<h2 class=\"elementor-heading-title elementor-size-default\">Decantum<\/h2>\t\t\t\t<\/div>\n\t\t\t\t<\/div>\n\t\t\t\t<div class=\"elementor-element elementor-element-126903d elementor-widget elementor-widget-text-editor\" data-id=\"126903d\" data-element_type=\"widget\" data-e-type=\"widget\" data-widget_type=\"text-editor.default\">\n\t\t\t\t<div class=\"elementor-widget-container\">\n\t\t\t\t\t\t\t\t\t<p>Dise\u00f1ado para elevar la experiencia del servicio, Decantum transforma el gesto de servir en un ritual preciso y natural&#8230;<\/p>\t\t\t\t\t\t\t\t<\/div>\n\t\t\t\t<\/div>\n\t\t<div class=\"elementor-element elementor-element-b6822c9 e-grid e-con-boxed e-con e-child\" data-id=\"b6822c9\" data-element_type=\"container\" data-e-type=\"container\">\n\t\t\t\t\t<div class=\"e-con-inner\">\n\t\t\t\t<div class=\"elementor-element elementor-element-72f94e7 elementor-align-right elementor-widget elementor-widget-button\" data-id=\"72f94e7\" data-element_type=\"widget\" data-e-type=\"widget\" data-widget_type=\"button.default\">\n\t\t\t\t<div class=\"elementor-widget-container\">\n\t\t\t\t\t\t\t\t\t<div class=\"elementor-button-wrapper\">\n\t\t\t\t\t<a class=\"elementor-button elementor-button-link elementor-size-sm\" href=\"\/?page_id=20\/#decantum\">\n\t\t\t\t\t\t<span class=\"elementor-button-content-wrapper\">\n\t\t\t\t\t\t\t\t\t<span class=\"elementor-button-text\">ver m\u00e1s<\/span>\n\t\t\t\t\t<\/span>\n\t\t\t\t\t<\/a>\n\t\t\t\t<\/div>\n\t\t\t\t\t\t\t\t<\/div>\n\t\t\t\t<\/div>\n\t\t\t\t\t<\/div>\n\t\t\t\t<\/div>\n\t\t\t\t<\/div>\n\t\t\t\t\t<\/div>\n\t\t\t\t<\/div>\n\t\t<div class=\"elementor-element elementor-element-3e153b0 e-flex e-con-boxed e-con e-parent\" data-id=\"3e153b0\" data-element_type=\"container\" data-e-type=\"container\">\n\t\t\t\t\t<div class=\"e-con-inner\">\n\t\t<div class=\"elementor-element elementor-element-b0a3e55 e-con-full e-flex e-con e-child\" data-id=\"b0a3e55\" data-element_type=\"container\" data-e-type=\"container\" data-settings=\"{&quot;background_background&quot;:&quot;classic&quot;}\">\n\t\t\t\t<div class=\"elementor-element elementor-element-686f34b elementor-widget elementor-widget-heading\" data-id=\"686f34b\" data-element_type=\"widget\" data-e-type=\"widget\" data-widget_type=\"heading.default\">\n\t\t\t\t<div class=\"elementor-widget-container\">\n\t\t\t\t\t<h2 class=\"elementor-heading-title elementor-size-default\">LA BODEGA<\/h2>\t\t\t\t<\/div>\n\t\t\t\t<\/div>\n\t\t\t\t<div class=\"elementor-element elementor-element-b4d322d elementor-widget elementor-widget-heading\" data-id=\"b4d322d\" data-element_type=\"widget\" data-e-type=\"widget\" data-widget_type=\"heading.default\">\n\t\t\t\t<div class=\"elementor-widget-container\">\n\t\t\t\t\t<h2 class=\"elementor-heading-title elementor-size-default\">Degustaciones<br>\n&amp; Visitas<\/h2>\t\t\t\t<\/div>\n\t\t\t\t<\/div>\n\t\t\t\t<div class=\"elementor-element elementor-element-cbcc3ae elementor-widget elementor-widget-text-editor\" data-id=\"cbcc3ae\" data-element_type=\"widget\" data-e-type=\"widget\" data-widget_type=\"text-editor.default\">\n\t\t\t\t<div class=\"elementor-widget-container\">\n\t\t\t\t\t\t\t\t\tUn recorrido por nuestra Bodega, involucr\u00e1ndote con el proceso de elaboraci\u00f3n del vino y sus curiosidades.\t\t\t\t\t\t\t\t<\/div>\n\t\t\t\t<\/div>\n\t\t\t\t<div class=\"elementor-element elementor-element-5a30cf1 elementor-widget elementor-widget-spacer\" data-id=\"5a30cf1\" data-element_type=\"widget\" data-e-type=\"widget\" data-widget_type=\"spacer.default\">\n\t\t\t\t<div class=\"elementor-widget-container\">\n\t\t\t\t\t\t\t<div class=\"elementor-spacer\">\n\t\t\t<div class=\"elementor-spacer-inner\"><\/div>\n\t\t<\/div>\n\t\t\t\t\t\t<\/div>\n\t\t\t\t<\/div>\n\t\t\t\t<div class=\"elementor-element elementor-element-6939e43 elementor-align-center elementor-widget elementor-widget-button\" data-id=\"6939e43\" data-element_type=\"widget\" data-e-type=\"widget\" data-widget_type=\"button.default\">\n\t\t\t\t<div class=\"elementor-widget-container\">\n\t\t\t\t\t\t\t\t\t<div class=\"elementor-button-wrapper\">\n\t\t\t\t\t<a class=\"elementor-button elementor-button-link elementor-size-sm\" href=\"https:\/\/wosbooking.com\/mro\/bodega-sottano\">\n\t\t\t\t\t\t<span class=\"elementor-button-content-wrapper\">\n\t\t\t\t\t\t\t\t\t<span class=\"elementor-button-text\">Reserva<\/span>\n\t\t\t\t\t<\/span>\n\t\t\t\t\t<\/a>\n\t\t\t\t<\/div>\n\t\t\t\t\t\t\t\t<\/div>\n\t\t\t\t<\/div>\n\t\t\t\t<\/div>\n\t\t<div class=\"elementor-element elementor-element-6ffb43a e-con-full e-flex e-con e-child\" data-id=\"6ffb43a\" data-element_type=\"container\" data-e-type=\"container\" data-settings=\"{&quot;background_background&quot;:&quot;classic&quot;}\">\n\t\t\t\t<div class=\"elementor-element elementor-element-386f961 elementor-widget elementor-widget-heading\" data-id=\"386f961\" data-element_type=\"widget\" data-e-type=\"widget\" data-widget_type=\"heading.default\">\n\t\t\t\t<div class=\"elementor-widget-container\">\n\t\t\t\t\t<h2 class=\"elementor-heading-title elementor-size-default\">ENOTURISMO<\/h2>\t\t\t\t<\/div>\n\t\t\t\t<\/div>\n\t\t\t\t<div class=\"elementor-element elementor-element-5136200 elementor-widget elementor-widget-heading\" data-id=\"5136200\" data-element_type=\"widget\" data-e-type=\"widget\" data-widget_type=\"heading.default\">\n\t\t\t\t<div class=\"elementor-widget-container\">\n\t\t\t\t\t<h2 class=\"elementor-heading-title elementor-size-default\">Grill<br>\nLunch<\/h2>\t\t\t\t<\/div>\n\t\t\t\t<\/div>\n\t\t\t\t<div class=\"elementor-element elementor-element-a46a139 elementor-widget elementor-widget-text-editor\" data-id=\"a46a139\" data-element_type=\"widget\" data-e-type=\"widget\" data-widget_type=\"text-editor.default\">\n\t\t\t\t<div class=\"elementor-widget-container\">\n\t\t\t\t\t\t\t\t\t<p>Especialistas en carne argentina, te esperamos con un tipico menu de asado para maridar con nuestros mejores vinos, rodeado de vi\u00f1as y monta\u00f1a.<\/p>\t\t\t\t\t\t\t\t<\/div>\n\t\t\t\t<\/div>\n\t\t\t\t<div class=\"elementor-element elementor-element-e123402 elementor-align-center elementor-widget elementor-widget-button\" data-id=\"e123402\" data-element_type=\"widget\" data-e-type=\"widget\" data-widget_type=\"button.default\">\n\t\t\t\t<div class=\"elementor-widget-container\">\n\t\t\t\t\t\t\t\t\t<div class=\"elementor-button-wrapper\">\n\t\t\t\t\t<a class=\"elementor-button elementor-button-link elementor-size-sm\" href=\"https:\/\/wosbooking.com\/mro\/bodega-sottano\">\n\t\t\t\t\t\t<span class=\"elementor-button-content-wrapper\">\n\t\t\t\t\t\t\t\t\t<span class=\"elementor-button-text\">Reserva<\/span>\n\t\t\t\t\t<\/span>\n\t\t\t\t\t<\/a>\n\t\t\t\t<\/div>\n\t\t\t\t\t\t\t\t<\/div>\n\t\t\t\t<\/div>\n\t\t\t\t<\/div>\n\t\t<div class=\"elementor-element elementor-element-0cbc55e e-con-full e-flex e-con e-child\" data-id=\"0cbc55e\" data-element_type=\"container\" data-e-type=\"container\" data-settings=\"{&quot;background_background&quot;:&quot;classic&quot;}\">\n\t\t\t\t<div class=\"elementor-element elementor-element-92891c9 elementor-widget elementor-widget-heading\" data-id=\"92891c9\" data-element_type=\"widget\" data-e-type=\"widget\" data-widget_type=\"heading.default\">\n\t\t\t\t<div class=\"elementor-widget-container\">\n\t\t\t\t\t<h2 class=\"elementor-heading-title elementor-size-default\">ENOTURISMO<\/h2>\t\t\t\t<\/div>\n\t\t\t\t<\/div>\n\t\t\t\t<div class=\"elementor-element elementor-element-ed793ce elementor-widget elementor-widget-heading\" data-id=\"ed793ce\" data-element_type=\"widget\" data-e-type=\"widget\" data-widget_type=\"heading.default\">\n\t\t\t\t<div class=\"elementor-widget-container\">\n\t\t\t\t\t<h2 class=\"elementor-heading-title elementor-size-default\">Purgatorio<br>\nRestaurante<\/h2>\t\t\t\t<\/div>\n\t\t\t\t<\/div>\n\t\t\t\t<div class=\"elementor-element elementor-element-f321991 elementor-widget elementor-widget-text-editor\" data-id=\"f321991\" data-element_type=\"widget\" data-e-type=\"widget\" data-widget_type=\"text-editor.default\">\n\t\t\t\t<div class=\"elementor-widget-container\">\n\t\t\t\t\t\t\t\t\tEste es un espacio para redescubrir el verdadero placer de alimentarse: de manera \u00edntegra, profunda y en armon\u00eda con nuestro entorno. En el Purgatorio predomina la comida consciente\t\t\t\t\t\t\t\t<\/div>\n\t\t\t\t<\/div>\n\t\t\t\t<div class=\"elementor-element elementor-element-0c369e2 elementor-align-center elementor-widget elementor-widget-button\" data-id=\"0c369e2\" data-element_type=\"widget\" data-e-type=\"widget\" data-widget_type=\"button.default\">\n\t\t\t\t<div class=\"elementor-widget-container\">\n\t\t\t\t\t\t\t\t\t<div class=\"elementor-button-wrapper\">\n\t\t\t\t\t<a class=\"elementor-button elementor-button-link elementor-size-sm\" href=\"https:\/\/wosbooking.com\/mro\/bodega-sottano\">\n\t\t\t\t\t\t<span class=\"elementor-button-content-wrapper\">\n\t\t\t\t\t\t\t\t\t<span class=\"elementor-button-text\">Reserva<\/span>\n\t\t\t\t\t<\/span>\n\t\t\t\t\t<\/a>\n\t\t\t\t<\/div>\n\t\t\t\t\t\t\t\t<\/div>\n\t\t\t\t<\/div>\n\t\t\t\t<\/div>\n\t\t\t\t\t<\/div>\n\t\t\t\t<\/div>\n\t\t\t\t<\/div>\n\t\t","protected":false},"excerpt":{"rendered":"<p>La elegancia de lo cl\u00e1sico La elegancia de lo cl\u00e1sico Historia En la gran historia argentina recordaremos siempre a aquellos valientes, quienes vinieron a descubrir un nuevo mundo. Nuestro fundador, Don Fioravante fue uno de ellos.\u00a0Destacado entre los precursores de la producci\u00f3n vitivin\u00edcola mendocina. Bodega Sottano se sostiene sobre los valores y el legado de [&hellip;]<\/p>\n","protected":false},"author":1,"featured_media":0,"parent":0,"menu_order":0,"comment_status":"closed","ping_status":"closed","template":"","meta":{"inline_featured_image":false,"_joinchat":[],"footnotes":""},"class_list":["post-8","page","type-page","status-publish","hentry"],"yoast_head":"<!-- This site is optimized with the Yoast SEO plugin v27.4 - https:\/\/yoast.com\/product\/yoast-seo-wordpress\/ -->\n<title>Home - Bodega Sottano<\/title>\n<meta name=\"robots\" content=\"index, follow, max-snippet:-1, max-image-preview:large, max-video-preview:-1\" \/>\n<link rel=\"canonical\" href=\"\/\" \/>\n<meta property=\"og:locale\" content=\"es_ES\" \/>\n<meta property=\"og:type\" content=\"article\" \/>\n<meta property=\"og:title\" content=\"Home - Bodega Sottano\" \/>\n<meta property=\"og:description\" content=\"La elegancia de lo cl\u00e1sico La elegancia de lo cl\u00e1sico Historia En la gran historia argentina recordaremos siempre a aquellos valientes, quienes vinieron a descubrir un nuevo mundo. Nuestro fundador, Don Fioravante fue uno de ellos.\u00a0Destacado entre los precursores de la producci\u00f3n vitivin\u00edcola mendocina. Bodega Sottano se sostiene sobre los valores y el legado de [&hellip;]\" \/>\n<meta property=\"og:url\" content=\"\/\" \/>\n<meta property=\"og:site_name\" content=\"Bodega Sottano\" \/>\n<meta property=\"article:modified_time\" content=\"2026-03-22T10:58:36+00:00\" \/>\n<meta name=\"twitter:card\" content=\"summary_large_image\" \/>\n<meta name=\"twitter:label1\" content=\"Tiempo de lectura\" \/>\n\t<meta name=\"twitter:data1\" content=\"2 minutos\" \/>\n<script type=\"application\/ld+json\" class=\"yoast-schema-graph\">{\"@context\":\"https:\\\/\\\/schema.org\",\"@graph\":[{\"@type\":\"WebPage\",\"@id\":\"https:\\\/\\\/www.bodegasottano.com\\\/\",\"url\":\"https:\\\/\\\/www.bodegasottano.com\\\/\",\"name\":\"Home - Bodega Sottano\",\"isPartOf\":{\"@id\":\"https:\\\/\\\/www.bodegasottano.com\\\/#website\"},\"datePublished\":\"2024-09-15T09:07:43+00:00\",\"dateModified\":\"2026-03-22T10:58:36+00:00\",\"breadcrumb\":{\"@id\":\"https:\\\/\\\/www.bodegasottano.com\\\/#breadcrumb\"},\"inLanguage\":\"es\",\"potentialAction\":[{\"@type\":\"ReadAction\",\"target\":[\"https:\\\/\\\/www.bodegasottano.com\\\/\"]}]},{\"@type\":\"BreadcrumbList\",\"@id\":\"https:\\\/\\\/www.bodegasottano.com\\\/#breadcrumb\",\"itemListElement\":[{\"@type\":\"ListItem\",\"position\":1,\"name\":\"Portada\",\"item\":\"https:\\\/\\\/www.bodegasottano.com\\\/\"},{\"@type\":\"ListItem\",\"position\":2,\"name\":\"Home\"}]},{\"@type\":\"WebSite\",\"@id\":\"https:\\\/\\\/www.bodegasottano.com\\\/#website\",\"url\":\"https:\\\/\\\/www.bodegasottano.com\\\/\",\"name\":\"Bodega Sottano\",\"description\":\"La elegancia de lo cl\u00e1sico\",\"publisher\":{\"@id\":\"https:\\\/\\\/www.bodegasottano.com\\\/#organization\"},\"potentialAction\":[{\"@type\":\"SearchAction\",\"target\":{\"@type\":\"EntryPoint\",\"urlTemplate\":\"https:\\\/\\\/www.bodegasottano.com\\\/?s={search_term_string}\"},\"query-input\":{\"@type\":\"PropertyValueSpecification\",\"valueRequired\":true,\"valueName\":\"search_term_string\"}}],\"inLanguage\":\"es\"},{\"@type\":\"Organization\",\"@id\":\"https:\\\/\\\/www.bodegasottano.com\\\/#organization\",\"name\":\"Bodega Sottano\",\"url\":\"https:\\\/\\\/www.bodegasottano.com\\\/\",\"logo\":{\"@type\":\"ImageObject\",\"inLanguage\":\"es\",\"@id\":\"https:\\\/\\\/www.bodegasottano.com\\\/#\\\/schema\\\/logo\\\/image\\\/\",\"url\":\"https:\\\/\\\/www.bodegasottano.com\\\/wp-content\\\/uploads\\\/2024\\\/09\\\/LOGO-SOTTANO-BLANCO.png\",\"contentUrl\":\"https:\\\/\\\/www.bodegasottano.com\\\/wp-content\\\/uploads\\\/2024\\\/09\\\/LOGO-SOTTANO-BLANCO.png\",\"width\":320,\"height\":48,\"caption\":\"Bodega Sottano\"},\"image\":{\"@id\":\"https:\\\/\\\/www.bodegasottano.com\\\/#\\\/schema\\\/logo\\\/image\\\/\"}}]}<\/script>\n<!-- \/ Yoast SEO plugin. -->","yoast_head_json":{"title":"Home - Bodega Sottano","robots":{"index":"index","follow":"follow","max-snippet":"max-snippet:-1","max-image-preview":"max-image-preview:large","max-video-preview":"max-video-preview:-1"},"canonical":"\/","og_locale":"es_ES","og_type":"article","og_title":"Home - Bodega Sottano","og_description":"La elegancia de lo cl\u00e1sico La elegancia de lo cl\u00e1sico Historia En la gran historia argentina recordaremos siempre a aquellos valientes, quienes vinieron a descubrir un nuevo mundo. Nuestro fundador, Don Fioravante fue uno de ellos.\u00a0Destacado entre los precursores de la producci\u00f3n vitivin\u00edcola mendocina. Bodega Sottano se sostiene sobre los valores y el legado de [&hellip;]","og_url":"\/","og_site_name":"Bodega Sottano","article_modified_time":"2026-03-22T10:58:36+00:00","twitter_card":"summary_large_image","twitter_misc":{"Tiempo de lectura":"2 minutos"},"schema":{"@context":"https:\/\/schema.org","@graph":[{"@type":"WebPage","@id":"\/","url":"\/","name":"Home - Bodega Sottano","isPartOf":{"@id":"\/#website"},"datePublished":"2024-09-15T09:07:43+00:00","dateModified":"2026-03-22T10:58:36+00:00","breadcrumb":{"@id":"\/#breadcrumb"},"inLanguage":"es","potentialAction":[{"@type":"ReadAction","target":["\/"]}]},{"@type":"BreadcrumbList","@id":"\/#breadcrumb","itemListElement":[{"@type":"ListItem","position":1,"name":"Portada","item":"\/"},{"@type":"ListItem","position":2,"name":"Home"}]},{"@type":"WebSite","@id":"\/#website","url":"\/","name":"Bodega Sottano","description":"La elegancia de lo cl\u00e1sico","publisher":{"@id":"\/#organization"},"potentialAction":[{"@type":"SearchAction","target":{"@type":"EntryPoint","urlTemplate":"\/?s={search_term_string}"},"query-input":{"@type":"PropertyValueSpecification","valueRequired":true,"valueName":"search_term_string"}}],"inLanguage":"es"},{"@type":"Organization","@id":"\/#organization","name":"Bodega Sottano","url":"\/","logo":{"@type":"ImageObject","inLanguage":"es","@id":"\/#\/schema\/logo\/image\/","url":"\/wp-content\/uploads\/2024\/09\/LOGO-SOTTANO-BLANCO.png","contentUrl":"\/wp-content\/uploads\/2024\/09\/LOGO-SOTTANO-BLANCO.png","width":320,"height":48,"caption":"Bodega Sottano"},"image":{"@id":"\/#\/schema\/logo\/image\/"}}]}},"_links":{"self":[{"href":"\/index.php?rest_route=\/wp\/v2\/pages\/8","targetHints":{"allow":["GET"]}}],"collection":[{"href":"\/index.php?rest_route=\/wp\/v2\/pages"}],"about":[{"href":"\/index.php?rest_route=\/wp\/v2\/types\/page"}],"author":[{"embeddable":true,"href":"\/index.php?rest_route=\/wp\/v2\/users\/1"}],"replies":[{"embeddable":true,"href":"\/index.php?rest_route=%2Fwp%2Fv2%2Fcomments&post=8"}],"version-history":[{"count":454,"href":"\/index.php?rest_route=\/wp\/v2\/pages\/8\/revisions"}],"predecessor-version":[{"id":5767,"href":"\/index.php?rest_route=\/wp\/v2\/pages\/8\/revisions\/5767"}],"wp:attachment":[{"href":"\/index.php?rest_route=%2Fwp%2Fv2%2Fmedia&parent=8"}],"curies":[{"name":"wp","href":"https:\/\/api.w.org\/{rel}","templated":true}]}}