{"id":619,"date":"2024-09-29T17:30:20","date_gmt":"2024-09-29T17:30:20","guid":{"rendered":"\/?page_id=619"},"modified":"2025-03-25T02:06:43","modified_gmt":"2025-03-25T02:06:43","slug":"el-beso-de-judas","status":"publish","type":"page","link":"\/?page_id=619","title":{"rendered":"El Beso de Judas"},"content":{"rendered":"\t\t<div data-elementor-type=\"wp-page\" data-elementor-id=\"619\" class=\"elementor elementor-619\" data-elementor-post-type=\"page\">\n\t\t\t\t<div class=\"elementor-element elementor-element-6880e88e e-con-full e-flex e-con e-parent\" data-id=\"6880e88e\" data-element_type=\"container\" data-e-type=\"container\">\n\t\t<div class=\"elementor-element elementor-element-2c2e6633 e-con-full e-flex e-con e-child\" data-id=\"2c2e6633\" data-element_type=\"container\" data-e-type=\"container\" data-settings=\"{&quot;background_background&quot;:&quot;classic&quot;}\">\n\t\t\t\t<div class=\"elementor-element elementor-element-66446ed6 elementor-widget elementor-widget-image\" data-id=\"66446ed6\" data-element_type=\"widget\" data-e-type=\"widget\" data-widget_type=\"image.default\">\n\t\t\t\t<div class=\"elementor-widget-container\">\n\t\t\t\t\t\t\t\t\t\t\t\t\t\t\t<img fetchpriority=\"high\" decoding=\"async\" width=\"1707\" height=\"2560\" src=\"\/wp-content\/uploads\/2024\/09\/El-Beso-de-Judas-reflejo-1-scaled.jpg\" class=\"attachment-full size-full wp-image-651\" alt=\"\" srcset=\"\/wp-content\/uploads\/2024\/09\/El-Beso-de-Judas-reflejo-1-scaled.jpg 1707w, \/wp-content\/uploads\/2024\/09\/El-Beso-de-Judas-reflejo-1-200x300.jpg 200w, \/wp-content\/uploads\/2024\/09\/El-Beso-de-Judas-reflejo-1-683x1024.jpg 683w, \/wp-content\/uploads\/2024\/09\/El-Beso-de-Judas-reflejo-1-768x1152.jpg 768w, \/wp-content\/uploads\/2024\/09\/El-Beso-de-Judas-reflejo-1-1024x1536.jpg 1024w, \/wp-content\/uploads\/2024\/09\/El-Beso-de-Judas-reflejo-1-1365x2048.jpg 1365w\" sizes=\"(max-width: 1707px) 100vw, 1707px\" \/>\t\t\t\t\t\t\t\t\t\t\t\t\t\t\t<\/div>\n\t\t\t\t<\/div>\n\t\t\t\t<\/div>\n\t\t<div class=\"elementor-element elementor-element-1caa7136 e-con-full e-flex e-con e-child\" data-id=\"1caa7136\" data-element_type=\"container\" data-e-type=\"container\" data-settings=\"{&quot;background_background&quot;:&quot;classic&quot;}\">\n\t\t\t\t<div class=\"elementor-element elementor-element-4705d86a elementor-widget elementor-widget-heading\" data-id=\"4705d86a\" data-element_type=\"widget\" data-e-type=\"widget\" data-widget_type=\"heading.default\">\n\t\t\t\t<div class=\"elementor-widget-container\">\n\t\t\t\t\t<h2 class=\"elementor-heading-title elementor-size-default\">El Beso de Judas<\/h2>\t\t\t\t<\/div>\n\t\t\t\t<\/div>\n\t\t\t\t<div class=\"elementor-element elementor-element-1612c870 elementor-widget elementor-widget-text-editor\" data-id=\"1612c870\" data-element_type=\"widget\" data-e-type=\"widget\" data-widget_type=\"text-editor.default\">\n\t\t\t\t<div class=\"elementor-widget-container\">\n\t\t\t\t\t\t\t\t\tBienvenidos a una nueva aventura enol\u00f3gica,\ndonde los l\u00edmites ser\u00e1n puestos a prueba,\nbuscando nuevos y osados lenguajes.\nBienvenidos a la traici\u00f3n de la traici\u00f3n, donde la esencia nos delata y la seducci\u00f3n se vuelve una invocaci\u00f3n de sensaciones.\nBienvenidos a experimentar,\ndonde 4 cosechas y 33 barricas se unen en un \u00fanico y especial acto de transformaci\u00f3n sensorial. \nEste vino es una historia de sangre. Nuestra pasi\u00f3n.\nUn pecado, que quisimos cometer.\n\t\t\t\t\t\t\t\t<\/div>\n\t\t\t\t<\/div>\n\t\t<div class=\"elementor-element elementor-element-5381bdb0 e-flex e-con-boxed e-con e-child\" data-id=\"5381bdb0\" data-element_type=\"container\" data-e-type=\"container\">\n\t\t\t\t\t<div class=\"e-con-inner\">\n\t\t\t\t<div class=\"elementor-element elementor-element-4c0253b4 elementor-align-right elementor-widget elementor-widget-button\" data-id=\"4c0253b4\" data-element_type=\"widget\" data-e-type=\"widget\" data-widget_type=\"button.default\">\n\t\t\t\t<div class=\"elementor-widget-container\">\n\t\t\t\t\t\t\t\t\t<div class=\"elementor-button-wrapper\">\n\t\t\t\t\t<a class=\"elementor-button elementor-button-link elementor-size-sm\" href=\"\/wp-content\/uploads\/2024\/09\/El-Beso-de-Judas-reflejo-1.png\">\n\t\t\t\t\t\t<span class=\"elementor-button-content-wrapper\">\n\t\t\t\t\t\t\t\t\t<span class=\"elementor-button-text\">descargar foto<\/span>\n\t\t\t\t\t<\/span>\n\t\t\t\t\t<\/a>\n\t\t\t\t<\/div>\n\t\t\t\t\t\t\t\t<\/div>\n\t\t\t\t<\/div>\n\t\t\t\t<div class=\"elementor-element elementor-element-48f55259 elementor-align-left elementor-widget elementor-widget-button\" data-id=\"48f55259\" data-element_type=\"widget\" data-e-type=\"widget\" data-widget_type=\"button.default\">\n\t\t\t\t<div class=\"elementor-widget-container\">\n\t\t\t\t\t\t\t\t\t<div class=\"elementor-button-wrapper\">\n\t\t\t\t\t<a class=\"elementor-button elementor-button-link elementor-size-sm\" href=\"\/wp-content\/uploads\/2024\/09\/El-Beso-de-Judas-Malbec-FT-Espanol.pdf\" target=\"_blank\">\n\t\t\t\t\t\t<span class=\"elementor-button-content-wrapper\">\n\t\t\t\t\t\t\t\t\t<span class=\"elementor-button-text\">ficha t\u00e9cnica<\/span>\n\t\t\t\t\t<\/span>\n\t\t\t\t\t<\/a>\n\t\t\t\t<\/div>\n\t\t\t\t\t\t\t\t<\/div>\n\t\t\t\t<\/div>\n\t\t\t\t\t<\/div>\n\t\t\t\t<\/div>\n\t\t\t\t<\/div>\n\t\t\t\t<\/div>\n\t\t\t\t<\/div>\n\t\t","protected":false},"excerpt":{"rendered":"<p>El Beso de Judas Bienvenidos a una nueva aventura enol\u00f3gica, donde los l\u00edmites ser\u00e1n puestos a prueba, buscando nuevos y osados lenguajes. Bienvenidos a la traici\u00f3n de la traici\u00f3n, donde la esencia nos delata y la seducci\u00f3n se vuelve una invocaci\u00f3n de sensaciones. Bienvenidos a experimentar, donde 4 cosechas y 33 barricas se unen en [&hellip;]<\/p>\n","protected":false},"author":1,"featured_media":0,"parent":0,"menu_order":0,"comment_status":"closed","ping_status":"closed","template":"elementor_header_footer","meta":{"inline_featured_image":false,"_joinchat":[],"footnotes":""},"class_list":["post-619","page","type-page","status-publish","hentry"],"yoast_head":"<!-- This site is optimized with the Yoast SEO plugin v27.4 - https:\/\/yoast.com\/product\/yoast-seo-wordpress\/ -->\n<title>El Beso de Judas - Bodega Sottano<\/title>\n<meta name=\"robots\" content=\"index, follow, max-snippet:-1, max-image-preview:large, max-video-preview:-1\" \/>\n<link rel=\"canonical\" href=\"\/?page_id=619\" \/>\n<meta property=\"og:locale\" content=\"es_ES\" \/>\n<meta property=\"og:type\" content=\"article\" \/>\n<meta property=\"og:title\" content=\"El Beso de Judas - Bodega Sottano\" \/>\n<meta property=\"og:description\" content=\"El Beso de Judas Bienvenidos a una nueva aventura enol\u00f3gica, donde los l\u00edmites ser\u00e1n puestos a prueba, buscando nuevos y osados lenguajes. Bienvenidos a la traici\u00f3n de la traici\u00f3n, donde la esencia nos delata y la seducci\u00f3n se vuelve una invocaci\u00f3n de sensaciones. Bienvenidos a experimentar, donde 4 cosechas y 33 barricas se unen en [&hellip;]\" \/>\n<meta property=\"og:url\" content=\"\/?page_id=619\" \/>\n<meta property=\"og:site_name\" content=\"Bodega Sottano\" \/>\n<meta property=\"article:modified_time\" content=\"2025-03-25T02:06:43+00:00\" \/>\n<meta property=\"og:image\" content=\"\/wp-content\/uploads\/2024\/09\/El-Beso-de-Judas-reflejo-1-scaled.jpg\" \/>\n\t<meta property=\"og:image:width\" content=\"1707\" \/>\n\t<meta property=\"og:image:height\" content=\"2560\" \/>\n\t<meta property=\"og:image:type\" content=\"image\/jpeg\" \/>\n<meta name=\"twitter:card\" content=\"summary_large_image\" \/>\n<meta name=\"twitter:label1\" content=\"Tiempo de lectura\" \/>\n\t<meta name=\"twitter:data1\" content=\"1 minuto\" \/>\n<script type=\"application\/ld+json\" class=\"yoast-schema-graph\">{\"@context\":\"https:\\\/\\\/schema.org\",\"@graph\":[{\"@type\":\"WebPage\",\"@id\":\"https:\\\/\\\/www.bodegasottano.com\\\/?page_id=619\",\"url\":\"https:\\\/\\\/www.bodegasottano.com\\\/?page_id=619\",\"name\":\"El Beso de Judas - Bodega Sottano\",\"isPartOf\":{\"@id\":\"https:\\\/\\\/www.bodegasottano.com\\\/#website\"},\"primaryImageOfPage\":{\"@id\":\"https:\\\/\\\/www.bodegasottano.com\\\/?page_id=619#primaryimage\"},\"image\":{\"@id\":\"https:\\\/\\\/www.bodegasottano.com\\\/?page_id=619#primaryimage\"},\"thumbnailUrl\":\"https:\\\/\\\/www.bodegasottano.com\\\/wp-content\\\/uploads\\\/2024\\\/09\\\/El-Beso-de-Judas-reflejo-1-scaled.jpg\",\"datePublished\":\"2024-09-29T17:30:20+00:00\",\"dateModified\":\"2025-03-25T02:06:43+00:00\",\"breadcrumb\":{\"@id\":\"https:\\\/\\\/www.bodegasottano.com\\\/?page_id=619#breadcrumb\"},\"inLanguage\":\"es\",\"potentialAction\":[{\"@type\":\"ReadAction\",\"target\":[\"https:\\\/\\\/www.bodegasottano.com\\\/?page_id=619\"]}]},{\"@type\":\"ImageObject\",\"inLanguage\":\"es\",\"@id\":\"https:\\\/\\\/www.bodegasottano.com\\\/?page_id=619#primaryimage\",\"url\":\"https:\\\/\\\/www.bodegasottano.com\\\/wp-content\\\/uploads\\\/2024\\\/09\\\/El-Beso-de-Judas-reflejo-1-scaled.jpg\",\"contentUrl\":\"https:\\\/\\\/www.bodegasottano.com\\\/wp-content\\\/uploads\\\/2024\\\/09\\\/El-Beso-de-Judas-reflejo-1-scaled.jpg\",\"width\":1707,\"height\":2560},{\"@type\":\"BreadcrumbList\",\"@id\":\"https:\\\/\\\/www.bodegasottano.com\\\/?page_id=619#breadcrumb\",\"itemListElement\":[{\"@type\":\"ListItem\",\"position\":1,\"name\":\"Portada\",\"item\":\"https:\\\/\\\/www.bodegasottano.com\\\/\"},{\"@type\":\"ListItem\",\"position\":2,\"name\":\"El Beso de Judas\"}]},{\"@type\":\"WebSite\",\"@id\":\"https:\\\/\\\/www.bodegasottano.com\\\/#website\",\"url\":\"https:\\\/\\\/www.bodegasottano.com\\\/\",\"name\":\"Bodega Sottano\",\"description\":\"La elegancia de lo cl\u00e1sico\",\"publisher\":{\"@id\":\"https:\\\/\\\/www.bodegasottano.com\\\/#organization\"},\"potentialAction\":[{\"@type\":\"SearchAction\",\"target\":{\"@type\":\"EntryPoint\",\"urlTemplate\":\"https:\\\/\\\/www.bodegasottano.com\\\/?s={search_term_string}\"},\"query-input\":{\"@type\":\"PropertyValueSpecification\",\"valueRequired\":true,\"valueName\":\"search_term_string\"}}],\"inLanguage\":\"es\"},{\"@type\":\"Organization\",\"@id\":\"https:\\\/\\\/www.bodegasottano.com\\\/#organization\",\"name\":\"Bodega Sottano\",\"url\":\"https:\\\/\\\/www.bodegasottano.com\\\/\",\"logo\":{\"@type\":\"ImageObject\",\"inLanguage\":\"es\",\"@id\":\"https:\\\/\\\/www.bodegasottano.com\\\/#\\\/schema\\\/logo\\\/image\\\/\",\"url\":\"https:\\\/\\\/www.bodegasottano.com\\\/wp-content\\\/uploads\\\/2024\\\/09\\\/LOGO-SOTTANO-BLANCO.png\",\"contentUrl\":\"https:\\\/\\\/www.bodegasottano.com\\\/wp-content\\\/uploads\\\/2024\\\/09\\\/LOGO-SOTTANO-BLANCO.png\",\"width\":320,\"height\":48,\"caption\":\"Bodega Sottano\"},\"image\":{\"@id\":\"https:\\\/\\\/www.bodegasottano.com\\\/#\\\/schema\\\/logo\\\/image\\\/\"}}]}<\/script>\n<!-- \/ Yoast SEO plugin. -->","yoast_head_json":{"title":"El Beso de Judas - Bodega Sottano","robots":{"index":"index","follow":"follow","max-snippet":"max-snippet:-1","max-image-preview":"max-image-preview:large","max-video-preview":"max-video-preview:-1"},"canonical":"\/?page_id=619","og_locale":"es_ES","og_type":"article","og_title":"El Beso de Judas - Bodega Sottano","og_description":"El Beso de Judas Bienvenidos a una nueva aventura enol\u00f3gica, donde los l\u00edmites ser\u00e1n puestos a prueba, buscando nuevos y osados lenguajes. Bienvenidos a la traici\u00f3n de la traici\u00f3n, donde la esencia nos delata y la seducci\u00f3n se vuelve una invocaci\u00f3n de sensaciones. Bienvenidos a experimentar, donde 4 cosechas y 33 barricas se unen en [&hellip;]","og_url":"\/?page_id=619","og_site_name":"Bodega Sottano","article_modified_time":"2025-03-25T02:06:43+00:00","og_image":[{"width":1707,"height":2560,"url":"\/wp-content\/uploads\/2024\/09\/El-Beso-de-Judas-reflejo-1-scaled.jpg","type":"image\/jpeg"}],"twitter_card":"summary_large_image","twitter_misc":{"Tiempo de lectura":"1 minuto"},"schema":{"@context":"https:\/\/schema.org","@graph":[{"@type":"WebPage","@id":"\/?page_id=619","url":"\/?page_id=619","name":"El Beso de Judas - Bodega Sottano","isPartOf":{"@id":"\/#website"},"primaryImageOfPage":{"@id":"\/?page_id=619#primaryimage"},"image":{"@id":"\/?page_id=619#primaryimage"},"thumbnailUrl":"\/wp-content\/uploads\/2024\/09\/El-Beso-de-Judas-reflejo-1-scaled.jpg","datePublished":"2024-09-29T17:30:20+00:00","dateModified":"2025-03-25T02:06:43+00:00","breadcrumb":{"@id":"\/?page_id=619#breadcrumb"},"inLanguage":"es","potentialAction":[{"@type":"ReadAction","target":["\/?page_id=619"]}]},{"@type":"ImageObject","inLanguage":"es","@id":"\/?page_id=619#primaryimage","url":"\/wp-content\/uploads\/2024\/09\/El-Beso-de-Judas-reflejo-1-scaled.jpg","contentUrl":"\/wp-content\/uploads\/2024\/09\/El-Beso-de-Judas-reflejo-1-scaled.jpg","width":1707,"height":2560},{"@type":"BreadcrumbList","@id":"\/?page_id=619#breadcrumb","itemListElement":[{"@type":"ListItem","position":1,"name":"Portada","item":"\/"},{"@type":"ListItem","position":2,"name":"El Beso de Judas"}]},{"@type":"WebSite","@id":"\/#website","url":"\/","name":"Bodega Sottano","description":"La elegancia de lo cl\u00e1sico","publisher":{"@id":"\/#organization"},"potentialAction":[{"@type":"SearchAction","target":{"@type":"EntryPoint","urlTemplate":"\/?s={search_term_string}"},"query-input":{"@type":"PropertyValueSpecification","valueRequired":true,"valueName":"search_term_string"}}],"inLanguage":"es"},{"@type":"Organization","@id":"\/#organization","name":"Bodega Sottano","url":"\/","logo":{"@type":"ImageObject","inLanguage":"es","@id":"\/#\/schema\/logo\/image\/","url":"\/wp-content\/uploads\/2024\/09\/LOGO-SOTTANO-BLANCO.png","contentUrl":"\/wp-content\/uploads\/2024\/09\/LOGO-SOTTANO-BLANCO.png","width":320,"height":48,"caption":"Bodega Sottano"},"image":{"@id":"\/#\/schema\/logo\/image\/"}}]}},"_links":{"self":[{"href":"\/index.php?rest_route=\/wp\/v2\/pages\/619","targetHints":{"allow":["GET"]}}],"collection":[{"href":"\/index.php?rest_route=\/wp\/v2\/pages"}],"about":[{"href":"\/index.php?rest_route=\/wp\/v2\/types\/page"}],"author":[{"embeddable":true,"href":"\/index.php?rest_route=\/wp\/v2\/users\/1"}],"replies":[{"embeddable":true,"href":"\/index.php?rest_route=%2Fwp%2Fv2%2Fcomments&post=619"}],"version-history":[{"count":22,"href":"\/index.php?rest_route=\/wp\/v2\/pages\/619\/revisions"}],"predecessor-version":[{"id":2942,"href":"\/index.php?rest_route=\/wp\/v2\/pages\/619\/revisions\/2942"}],"wp:attachment":[{"href":"\/index.php?rest_route=%2Fwp%2Fv2%2Fmedia&parent=619"}],"curies":[{"name":"wp","href":"https:\/\/api.w.org\/{rel}","templated":true}]}}