{"id":5817,"date":"2026-05-03T13:43:47","date_gmt":"2026-05-03T13:43:47","guid":{"rendered":"\/?page_id=5817"},"modified":"2026-05-05T01:03:02","modified_gmt":"2026-05-05T01:03:02","slug":"decantum-judas","status":"publish","type":"page","link":"\/?page_id=5817","title":{"rendered":"Decantum Judas"},"content":{"rendered":"\t\t<div data-elementor-type=\"wp-page\" data-elementor-id=\"5817\" class=\"elementor elementor-5817\" data-elementor-post-type=\"page\">\n\t\t\t\t<div class=\"elementor-element elementor-element-14705c5e e-con-full e-flex e-con e-parent\" data-id=\"14705c5e\" data-element_type=\"container\" data-e-type=\"container\">\n\t\t<div class=\"elementor-element elementor-element-5ab3dc24 e-con-full e-flex e-con e-child\" data-id=\"5ab3dc24\" data-element_type=\"container\" data-e-type=\"container\" data-settings=\"{&quot;background_background&quot;:&quot;classic&quot;}\">\n\t\t\t\t<div class=\"elementor-element elementor-element-2a44515 elementor-widget elementor-widget-image\" data-id=\"2a44515\" data-element_type=\"widget\" data-e-type=\"widget\" data-widget_type=\"image.default\">\n\t\t\t\t<div class=\"elementor-widget-container\">\n\t\t\t\t\t\t\t\t\t\t\t\t\t\t\t<img fetchpriority=\"high\" decoding=\"async\" width=\"155\" height=\"440\" src=\"\/wp-content\/uploads\/2026\/03\/image_4.webp\" class=\"attachment-full size-full wp-image-5315\" alt=\"\" srcset=\"\/wp-content\/uploads\/2026\/03\/image_4.webp 155w, \/wp-content\/uploads\/2026\/03\/image_4-106x300.webp 106w\" sizes=\"(max-width: 155px) 100vw, 155px\" \/>\t\t\t\t\t\t\t\t\t\t\t\t\t\t\t<\/div>\n\t\t\t\t<\/div>\n\t\t\t\t<\/div>\n\t\t<div class=\"elementor-element elementor-element-3f81ed59 e-con-full e-flex e-con e-child\" data-id=\"3f81ed59\" data-element_type=\"container\" data-e-type=\"container\" data-settings=\"{&quot;background_background&quot;:&quot;classic&quot;}\">\n\t\t\t\t<div class=\"elementor-element elementor-element-693dcb07 elementor-widget elementor-widget-heading\" data-id=\"693dcb07\" data-element_type=\"widget\" data-e-type=\"widget\" data-widget_type=\"heading.default\">\n\t\t\t\t<div class=\"elementor-widget-container\">\n\t\t\t\t\t<h2 class=\"elementor-heading-title elementor-size-default\">Decantum Judas<\/h2>\t\t\t\t<\/div>\n\t\t\t\t<\/div>\n\t\t\t\t<div class=\"elementor-element elementor-element-756cd3cf elementor-widget elementor-widget-text-editor\" data-id=\"756cd3cf\" data-element_type=\"widget\" data-e-type=\"widget\" data-widget_type=\"text-editor.default\">\n\t\t\t\t<div class=\"elementor-widget-container\">\n\t\t\t\t\t\t\t\t\t<p>Dise\u00f1ado para elevar la experiencia del servicio, Decantum transforma el gesto de servir en un ritual preciso y natural.<br \/><br \/>Su estructura acompa\u00f1a el movimiento del botell\u00f3n con equilibrio, permitiendo una inclinaci\u00f3n fluida y controlada que realza cada detalle del vino.<br \/><br \/>Funcionalidad, presencia y dise\u00f1o se integran en una pieza pensada para facilitar el servicio sin perder elegancia, respetando el protagonismo de lo esencial: el vino y el momento en que se comparte.<\/p>\t\t\t\t\t\t\t\t<\/div>\n\t\t\t\t<\/div>\n\t\t<div class=\"elementor-element elementor-element-5a82055 e-flex e-con-boxed e-con e-child\" data-id=\"5a82055\" data-element_type=\"container\" data-e-type=\"container\">\n\t\t\t\t\t<div class=\"e-con-inner\">\n\t\t\t\t<div class=\"elementor-element elementor-element-3dea1317 elementor-align-right elementor-widget elementor-widget-button\" data-id=\"3dea1317\" data-element_type=\"widget\" data-e-type=\"widget\" data-widget_type=\"button.default\">\n\t\t\t\t<div class=\"elementor-widget-container\">\n\t\t\t\t\t\t\t\t\t<div class=\"elementor-button-wrapper\">\n\t\t\t\t\t<a class=\"elementor-button elementor-button-link elementor-size-sm\" href=\"\/wp-content\/uploads\/2026\/03\/image_4.webp\">\n\t\t\t\t\t\t<span class=\"elementor-button-content-wrapper\">\n\t\t\t\t\t\t\t\t\t<span class=\"elementor-button-text\">descargar foto<\/span>\n\t\t\t\t\t<\/span>\n\t\t\t\t\t<\/a>\n\t\t\t\t<\/div>\n\t\t\t\t\t\t\t\t<\/div>\n\t\t\t\t<\/div>\n\t\t\t\t<div class=\"elementor-element elementor-element-13fc51b8 elementor-align-left elementor-widget elementor-widget-button\" data-id=\"13fc51b8\" data-element_type=\"widget\" data-e-type=\"widget\" data-widget_type=\"button.default\">\n\t\t\t\t<div class=\"elementor-widget-container\">\n\t\t\t\t\t\t\t\t\t<div class=\"elementor-button-wrapper\">\n\t\t\t\t\t<a class=\"elementor-button elementor-button-link elementor-size-sm\" href=\"\/wp-content\/uploads\/2026\/05\/ft-sottano.pdf\" target=\"_blank\">\n\t\t\t\t\t\t<span class=\"elementor-button-content-wrapper\">\n\t\t\t\t\t\t\t\t\t<span class=\"elementor-button-text\">ficha t\u00e9cnica<\/span>\n\t\t\t\t\t<\/span>\n\t\t\t\t\t<\/a>\n\t\t\t\t<\/div>\n\t\t\t\t\t\t\t\t<\/div>\n\t\t\t\t<\/div>\n\t\t\t\t\t<\/div>\n\t\t\t\t<\/div>\n\t\t\t\t<\/div>\n\t\t\t\t<\/div>\n\t\t\t\t<\/div>\n\t\t","protected":false},"excerpt":{"rendered":"<p>Decantum Judas Dise\u00f1ado para elevar la experiencia del servicio, Decantum transforma el gesto de servir en un ritual preciso y natural. Su estructura acompa\u00f1a el movimiento del botell\u00f3n con equilibrio, permitiendo una inclinaci\u00f3n fluida y controlada que realza cada detalle del vino. Funcionalidad, presencia y dise\u00f1o se integran en una pieza pensada para facilitar el [&hellip;]<\/p>\n","protected":false},"author":2,"featured_media":0,"parent":0,"menu_order":0,"comment_status":"closed","ping_status":"closed","template":"elementor_header_footer","meta":{"inline_featured_image":false,"_joinchat":[],"footnotes":""},"class_list":["post-5817","page","type-page","status-publish","hentry"],"yoast_head":"<!-- This site is optimized with the Yoast SEO plugin v27.5 - https:\/\/yoast.com\/product\/yoast-seo-wordpress\/ -->\n<title>Decantum Judas - Bodega Sottano<\/title>\n<meta name=\"robots\" content=\"index, follow, max-snippet:-1, max-image-preview:large, max-video-preview:-1\" \/>\n<link rel=\"canonical\" href=\"\/?page_id=5817\" \/>\n<meta property=\"og:locale\" content=\"es_ES\" \/>\n<meta property=\"og:type\" content=\"article\" \/>\n<meta property=\"og:title\" content=\"Decantum Judas - Bodega Sottano\" \/>\n<meta property=\"og:description\" content=\"Decantum Judas Dise\u00f1ado para elevar la experiencia del servicio, Decantum transforma el gesto de servir en un ritual preciso y natural. Su estructura acompa\u00f1a el movimiento del botell\u00f3n con equilibrio, permitiendo una inclinaci\u00f3n fluida y controlada que realza cada detalle del vino. Funcionalidad, presencia y dise\u00f1o se integran en una pieza pensada para facilitar el [&hellip;]\" \/>\n<meta property=\"og:url\" content=\"\/?page_id=5817\" \/>\n<meta property=\"og:site_name\" content=\"Bodega Sottano\" \/>\n<meta property=\"article:modified_time\" content=\"2026-05-05T01:03:02+00:00\" \/>\n<meta property=\"og:image\" content=\"\/wp-content\/uploads\/2026\/03\/image_4.webp\" \/>\n\t<meta property=\"og:image:width\" content=\"155\" \/>\n\t<meta property=\"og:image:height\" content=\"440\" \/>\n\t<meta property=\"og:image:type\" content=\"image\/webp\" \/>\n<meta name=\"twitter:card\" content=\"summary_large_image\" \/>\n<meta name=\"twitter:label1\" content=\"Tiempo de lectura\" \/>\n\t<meta name=\"twitter:data1\" content=\"1 minuto\" \/>\n<script type=\"application\/ld+json\" class=\"yoast-schema-graph\">{\"@context\":\"https:\\\/\\\/schema.org\",\"@graph\":[{\"@type\":\"WebPage\",\"@id\":\"https:\\\/\\\/www.bodegasottano.com\\\/?page_id=5817\",\"url\":\"https:\\\/\\\/www.bodegasottano.com\\\/?page_id=5817\",\"name\":\"Decantum Judas - Bodega Sottano\",\"isPartOf\":{\"@id\":\"https:\\\/\\\/www.bodegasottano.com\\\/#website\"},\"primaryImageOfPage\":{\"@id\":\"https:\\\/\\\/www.bodegasottano.com\\\/?page_id=5817#primaryimage\"},\"image\":{\"@id\":\"https:\\\/\\\/www.bodegasottano.com\\\/?page_id=5817#primaryimage\"},\"thumbnailUrl\":\"https:\\\/\\\/www.bodegasottano.com\\\/wp-content\\\/uploads\\\/2026\\\/03\\\/image_4.webp\",\"datePublished\":\"2026-05-03T13:43:47+00:00\",\"dateModified\":\"2026-05-05T01:03:02+00:00\",\"breadcrumb\":{\"@id\":\"https:\\\/\\\/www.bodegasottano.com\\\/?page_id=5817#breadcrumb\"},\"inLanguage\":\"es\",\"potentialAction\":[{\"@type\":\"ReadAction\",\"target\":[\"https:\\\/\\\/www.bodegasottano.com\\\/?page_id=5817\"]}]},{\"@type\":\"ImageObject\",\"inLanguage\":\"es\",\"@id\":\"https:\\\/\\\/www.bodegasottano.com\\\/?page_id=5817#primaryimage\",\"url\":\"https:\\\/\\\/www.bodegasottano.com\\\/wp-content\\\/uploads\\\/2026\\\/03\\\/image_4.webp\",\"contentUrl\":\"https:\\\/\\\/www.bodegasottano.com\\\/wp-content\\\/uploads\\\/2026\\\/03\\\/image_4.webp\",\"width\":155,\"height\":440},{\"@type\":\"BreadcrumbList\",\"@id\":\"https:\\\/\\\/www.bodegasottano.com\\\/?page_id=5817#breadcrumb\",\"itemListElement\":[{\"@type\":\"ListItem\",\"position\":1,\"name\":\"Portada\",\"item\":\"https:\\\/\\\/www.bodegasottano.com\\\/\"},{\"@type\":\"ListItem\",\"position\":2,\"name\":\"Decantum Judas\"}]},{\"@type\":\"WebSite\",\"@id\":\"https:\\\/\\\/www.bodegasottano.com\\\/#website\",\"url\":\"https:\\\/\\\/www.bodegasottano.com\\\/\",\"name\":\"Bodega Sottano\",\"description\":\"La elegancia de lo cl\u00e1sico\",\"publisher\":{\"@id\":\"https:\\\/\\\/www.bodegasottano.com\\\/#organization\"},\"potentialAction\":[{\"@type\":\"SearchAction\",\"target\":{\"@type\":\"EntryPoint\",\"urlTemplate\":\"https:\\\/\\\/www.bodegasottano.com\\\/?s={search_term_string}\"},\"query-input\":{\"@type\":\"PropertyValueSpecification\",\"valueRequired\":true,\"valueName\":\"search_term_string\"}}],\"inLanguage\":\"es\"},{\"@type\":\"Organization\",\"@id\":\"https:\\\/\\\/www.bodegasottano.com\\\/#organization\",\"name\":\"Bodega Sottano\",\"url\":\"https:\\\/\\\/www.bodegasottano.com\\\/\",\"logo\":{\"@type\":\"ImageObject\",\"inLanguage\":\"es\",\"@id\":\"https:\\\/\\\/www.bodegasottano.com\\\/#\\\/schema\\\/logo\\\/image\\\/\",\"url\":\"https:\\\/\\\/www.bodegasottano.com\\\/wp-content\\\/uploads\\\/2024\\\/09\\\/LOGO-SOTTANO-BLANCO.png\",\"contentUrl\":\"https:\\\/\\\/www.bodegasottano.com\\\/wp-content\\\/uploads\\\/2024\\\/09\\\/LOGO-SOTTANO-BLANCO.png\",\"width\":320,\"height\":48,\"caption\":\"Bodega Sottano\"},\"image\":{\"@id\":\"https:\\\/\\\/www.bodegasottano.com\\\/#\\\/schema\\\/logo\\\/image\\\/\"}}]}<\/script>\n<!-- \/ Yoast SEO plugin. -->","yoast_head_json":{"title":"Decantum Judas - Bodega Sottano","robots":{"index":"index","follow":"follow","max-snippet":"max-snippet:-1","max-image-preview":"max-image-preview:large","max-video-preview":"max-video-preview:-1"},"canonical":"\/?page_id=5817","og_locale":"es_ES","og_type":"article","og_title":"Decantum Judas - Bodega Sottano","og_description":"Decantum Judas Dise\u00f1ado para elevar la experiencia del servicio, Decantum transforma el gesto de servir en un ritual preciso y natural. Su estructura acompa\u00f1a el movimiento del botell\u00f3n con equilibrio, permitiendo una inclinaci\u00f3n fluida y controlada que realza cada detalle del vino. Funcionalidad, presencia y dise\u00f1o se integran en una pieza pensada para facilitar el [&hellip;]","og_url":"\/?page_id=5817","og_site_name":"Bodega Sottano","article_modified_time":"2026-05-05T01:03:02+00:00","og_image":[{"width":155,"height":440,"url":"\/wp-content\/uploads\/2026\/03\/image_4.webp","type":"image\/webp"}],"twitter_card":"summary_large_image","twitter_misc":{"Tiempo de lectura":"1 minuto"},"schema":{"@context":"https:\/\/schema.org","@graph":[{"@type":"WebPage","@id":"\/?page_id=5817","url":"\/?page_id=5817","name":"Decantum Judas - Bodega Sottano","isPartOf":{"@id":"\/#website"},"primaryImageOfPage":{"@id":"\/?page_id=5817#primaryimage"},"image":{"@id":"\/?page_id=5817#primaryimage"},"thumbnailUrl":"\/wp-content\/uploads\/2026\/03\/image_4.webp","datePublished":"2026-05-03T13:43:47+00:00","dateModified":"2026-05-05T01:03:02+00:00","breadcrumb":{"@id":"\/?page_id=5817#breadcrumb"},"inLanguage":"es","potentialAction":[{"@type":"ReadAction","target":["\/?page_id=5817"]}]},{"@type":"ImageObject","inLanguage":"es","@id":"\/?page_id=5817#primaryimage","url":"\/wp-content\/uploads\/2026\/03\/image_4.webp","contentUrl":"\/wp-content\/uploads\/2026\/03\/image_4.webp","width":155,"height":440},{"@type":"BreadcrumbList","@id":"\/?page_id=5817#breadcrumb","itemListElement":[{"@type":"ListItem","position":1,"name":"Portada","item":"\/"},{"@type":"ListItem","position":2,"name":"Decantum Judas"}]},{"@type":"WebSite","@id":"\/#website","url":"\/","name":"Bodega Sottano","description":"La elegancia de lo cl\u00e1sico","publisher":{"@id":"\/#organization"},"potentialAction":[{"@type":"SearchAction","target":{"@type":"EntryPoint","urlTemplate":"\/?s={search_term_string}"},"query-input":{"@type":"PropertyValueSpecification","valueRequired":true,"valueName":"search_term_string"}}],"inLanguage":"es"},{"@type":"Organization","@id":"\/#organization","name":"Bodega Sottano","url":"\/","logo":{"@type":"ImageObject","inLanguage":"es","@id":"\/#\/schema\/logo\/image\/","url":"\/wp-content\/uploads\/2024\/09\/LOGO-SOTTANO-BLANCO.png","contentUrl":"\/wp-content\/uploads\/2024\/09\/LOGO-SOTTANO-BLANCO.png","width":320,"height":48,"caption":"Bodega Sottano"},"image":{"@id":"\/#\/schema\/logo\/image\/"}}]}},"_links":{"self":[{"href":"\/index.php?rest_route=\/wp\/v2\/pages\/5817","targetHints":{"allow":["GET"]}}],"collection":[{"href":"\/index.php?rest_route=\/wp\/v2\/pages"}],"about":[{"href":"\/index.php?rest_route=\/wp\/v2\/types\/page"}],"author":[{"embeddable":true,"href":"\/index.php?rest_route=\/wp\/v2\/users\/2"}],"replies":[{"embeddable":true,"href":"\/index.php?rest_route=%2Fwp%2Fv2%2Fcomments&post=5817"}],"version-history":[{"count":13,"href":"\/index.php?rest_route=\/wp\/v2\/pages\/5817\/revisions"}],"predecessor-version":[{"id":5839,"href":"\/index.php?rest_route=\/wp\/v2\/pages\/5817\/revisions\/5839"}],"wp:attachment":[{"href":"\/index.php?rest_route=%2Fwp%2Fv2%2Fmedia&parent=5817"}],"curies":[{"name":"wp","href":"https:\/\/api.w.org\/{rel}","templated":true}]}}