{"id":3220,"date":"2025-06-17T00:29:35","date_gmt":"2025-06-17T00:29:35","guid":{"rendered":"\/?page_id=3220"},"modified":"2026-04-23T12:30:08","modified_gmt":"2026-04-23T12:30:08","slug":"el-deseo-de-judas","status":"publish","type":"page","link":"\/?page_id=3220","title":{"rendered":"El deseo de Judas"},"content":{"rendered":"\t\t<div data-elementor-type=\"wp-page\" data-elementor-id=\"3220\" class=\"elementor elementor-3220\" data-elementor-post-type=\"page\">\n\t\t\t\t<div class=\"elementor-element elementor-element-1988ae28 e-con-full e-flex e-con e-parent\" data-id=\"1988ae28\" data-element_type=\"container\" data-e-type=\"container\">\n\t\t<div class=\"elementor-element elementor-element-6203a1ac e-con-full e-flex e-con e-child\" data-id=\"6203a1ac\" data-element_type=\"container\" data-e-type=\"container\" data-settings=\"{&quot;background_background&quot;:&quot;classic&quot;}\">\n\t\t\t\t<div class=\"elementor-element elementor-element-4f17cda9 elementor-widget elementor-widget-image\" data-id=\"4f17cda9\" data-element_type=\"widget\" data-e-type=\"widget\" data-widget_type=\"image.default\">\n\t\t\t\t<div class=\"elementor-widget-container\">\n\t\t\t\t\t\t\t\t\t\t\t\t\t\t\t<img fetchpriority=\"high\" decoding=\"async\" width=\"632\" height=\"2560\" src=\"\/wp-content\/uploads\/2025\/06\/El-Deseo-de-Judas-web-scaled.png\" class=\"attachment-full size-full wp-image-3218\" alt=\"\" srcset=\"\/wp-content\/uploads\/2025\/06\/El-Deseo-de-Judas-web-scaled.png 632w, \/wp-content\/uploads\/2025\/06\/El-Deseo-de-Judas-web-74x300.png 74w, \/wp-content\/uploads\/2025\/06\/El-Deseo-de-Judas-web-253x1024.png 253w, \/wp-content\/uploads\/2025\/06\/El-Deseo-de-Judas-web-379x1536.png 379w\" sizes=\"(max-width: 632px) 100vw, 632px\" \/>\t\t\t\t\t\t\t\t\t\t\t\t\t\t\t<\/div>\n\t\t\t\t<\/div>\n\t\t\t\t<\/div>\n\t\t<div class=\"elementor-element elementor-element-4c2d2e97 e-con-full e-flex e-con e-child\" data-id=\"4c2d2e97\" data-element_type=\"container\" data-e-type=\"container\" data-settings=\"{&quot;background_background&quot;:&quot;classic&quot;}\">\n\t\t\t\t<div class=\"elementor-element elementor-element-6dccb6f1 elementor-widget elementor-widget-heading\" data-id=\"6dccb6f1\" data-element_type=\"widget\" data-e-type=\"widget\" data-widget_type=\"heading.default\">\n\t\t\t\t<div class=\"elementor-widget-container\">\n\t\t\t\t\t<h2 class=\"elementor-heading-title elementor-size-default\">El deseo de Judas<\/h2>\t\t\t\t<\/div>\n\t\t\t\t<\/div>\n\t\t\t\t<div class=\"elementor-element elementor-element-19a1d111 elementor-widget elementor-widget-text-editor\" data-id=\"19a1d111\" data-element_type=\"widget\" data-e-type=\"widget\" data-widget_type=\"text-editor.default\">\n\t\t\t\t<div class=\"elementor-widget-container\">\n\t\t\t\t\t\t\t\t\t<p>Aqu\u00ed arde el fuego sin tregua. Un vino nacido del deseo m\u00e1s profundo, ese que quema lentamente. El Deseo de Judas seduce, penetra, desarma. No hay redenci\u00f3n sin entrega, ni pasi\u00f3n sin riesgo. Lo que empieza como anhelo termina siendo destino.<\/p><p><br \/>\u00bfQui\u00e9n dicta lo prohibido, si el alma lo implora?<br \/>Esta es una ofrenda al impulso que nos revela. Un vino que se experimenta con todos los sentidos. Porque el deseo, cuando es verdadero, se honra.<br \/>Judas te invita, te elige. Y esta vez, no hay vuelta atr\u00e1s.<\/p>\t\t\t\t\t\t\t\t<\/div>\n\t\t\t\t<\/div>\n\t\t<div class=\"elementor-element elementor-element-7fbb0419 e-flex e-con-boxed e-con e-child\" data-id=\"7fbb0419\" data-element_type=\"container\" data-e-type=\"container\">\n\t\t\t\t\t<div class=\"e-con-inner\">\n\t\t\t\t<div class=\"elementor-element elementor-element-4d7b859 elementor-align-right elementor-widget elementor-widget-button\" data-id=\"4d7b859\" data-element_type=\"widget\" data-e-type=\"widget\" data-widget_type=\"button.default\">\n\t\t\t\t<div class=\"elementor-widget-container\">\n\t\t\t\t\t\t\t\t\t<div class=\"elementor-button-wrapper\">\n\t\t\t\t\t<a class=\"elementor-button elementor-button-link elementor-size-sm\" href=\"\/wp-content\/uploads\/2025\/06\/El-Deseo-de-Judas-web-scaled.png\">\n\t\t\t\t\t\t<span class=\"elementor-button-content-wrapper\">\n\t\t\t\t\t\t\t\t\t<span class=\"elementor-button-text\">descargar foto<\/span>\n\t\t\t\t\t<\/span>\n\t\t\t\t\t<\/a>\n\t\t\t\t<\/div>\n\t\t\t\t\t\t\t\t<\/div>\n\t\t\t\t<\/div>\n\t\t\t\t<div class=\"elementor-element elementor-element-7f82e5d4 elementor-align-left elementor-widget elementor-widget-button\" data-id=\"7f82e5d4\" data-element_type=\"widget\" data-e-type=\"widget\" data-widget_type=\"button.default\">\n\t\t\t\t<div class=\"elementor-widget-container\">\n\t\t\t\t\t\t\t\t\t<div class=\"elementor-button-wrapper\">\n\t\t\t\t\t<a class=\"elementor-button elementor-button-link elementor-size-sm\" href=\"\/wp-content\/uploads\/2024\/09\/La-Piel-de-Judas-FT-Espanol.pdf\" target=\"_blank\">\n\t\t\t\t\t\t<span class=\"elementor-button-content-wrapper\">\n\t\t\t\t\t\t\t\t\t<span class=\"elementor-button-text\">ficha t\u00e9cnica<\/span>\n\t\t\t\t\t<\/span>\n\t\t\t\t\t<\/a>\n\t\t\t\t<\/div>\n\t\t\t\t\t\t\t\t<\/div>\n\t\t\t\t<\/div>\n\t\t\t\t\t<\/div>\n\t\t\t\t<\/div>\n\t\t\t\t<\/div>\n\t\t\t\t<\/div>\n\t\t\t\t<\/div>\n\t\t","protected":false},"excerpt":{"rendered":"<p>El deseo de Judas Aqu\u00ed arde el fuego sin tregua. Un vino nacido del deseo m\u00e1s profundo, ese que quema lentamente. El Deseo de Judas seduce, penetra, desarma. No hay redenci\u00f3n sin entrega, ni pasi\u00f3n sin riesgo. Lo que empieza como anhelo termina siendo destino. \u00bfQui\u00e9n dicta lo prohibido, si el alma lo implora?Esta es [&hellip;]<\/p>\n","protected":false},"author":2,"featured_media":0,"parent":0,"menu_order":0,"comment_status":"closed","ping_status":"closed","template":"","meta":{"inline_featured_image":false,"_joinchat":[],"footnotes":""},"class_list":["post-3220","page","type-page","status-publish","hentry"],"yoast_head":"<!-- This site is optimized with the Yoast SEO plugin v27.4 - https:\/\/yoast.com\/product\/yoast-seo-wordpress\/ -->\n<title>El deseo de Judas - Bodega Sottano<\/title>\n<meta name=\"robots\" content=\"index, follow, max-snippet:-1, max-image-preview:large, max-video-preview:-1\" \/>\n<link rel=\"canonical\" href=\"\/?page_id=3220\" \/>\n<meta property=\"og:locale\" content=\"es_ES\" \/>\n<meta property=\"og:type\" content=\"article\" \/>\n<meta property=\"og:title\" content=\"El deseo de Judas - Bodega Sottano\" \/>\n<meta property=\"og:description\" content=\"El deseo de Judas Aqu\u00ed arde el fuego sin tregua. Un vino nacido del deseo m\u00e1s profundo, ese que quema lentamente. El Deseo de Judas seduce, penetra, desarma. No hay redenci\u00f3n sin entrega, ni pasi\u00f3n sin riesgo. Lo que empieza como anhelo termina siendo destino. \u00bfQui\u00e9n dicta lo prohibido, si el alma lo implora?Esta es [&hellip;]\" \/>\n<meta property=\"og:url\" content=\"\/?page_id=3220\" \/>\n<meta property=\"og:site_name\" content=\"Bodega Sottano\" \/>\n<meta property=\"article:modified_time\" content=\"2026-04-23T12:30:08+00:00\" \/>\n<meta property=\"og:image\" content=\"\/wp-content\/uploads\/2025\/06\/El-Deseo-de-Judas-web-scaled.png\" \/>\n\t<meta property=\"og:image:width\" content=\"632\" \/>\n\t<meta property=\"og:image:height\" content=\"2560\" \/>\n\t<meta property=\"og:image:type\" content=\"image\/png\" \/>\n<meta name=\"twitter:card\" content=\"summary_large_image\" \/>\n<meta name=\"twitter:label1\" content=\"Tiempo de lectura\" \/>\n\t<meta name=\"twitter:data1\" content=\"1 minuto\" \/>\n<script type=\"application\/ld+json\" class=\"yoast-schema-graph\">{\"@context\":\"https:\\\/\\\/schema.org\",\"@graph\":[{\"@type\":\"WebPage\",\"@id\":\"https:\\\/\\\/www.bodegasottano.com\\\/?page_id=3220\",\"url\":\"https:\\\/\\\/www.bodegasottano.com\\\/?page_id=3220\",\"name\":\"El deseo de Judas - Bodega Sottano\",\"isPartOf\":{\"@id\":\"https:\\\/\\\/www.bodegasottano.com\\\/#website\"},\"primaryImageOfPage\":{\"@id\":\"https:\\\/\\\/www.bodegasottano.com\\\/?page_id=3220#primaryimage\"},\"image\":{\"@id\":\"https:\\\/\\\/www.bodegasottano.com\\\/?page_id=3220#primaryimage\"},\"thumbnailUrl\":\"https:\\\/\\\/www.bodegasottano.com\\\/wp-content\\\/uploads\\\/2025\\\/06\\\/El-Deseo-de-Judas-web-scaled.png\",\"datePublished\":\"2025-06-17T00:29:35+00:00\",\"dateModified\":\"2026-04-23T12:30:08+00:00\",\"breadcrumb\":{\"@id\":\"https:\\\/\\\/www.bodegasottano.com\\\/?page_id=3220#breadcrumb\"},\"inLanguage\":\"es\",\"potentialAction\":[{\"@type\":\"ReadAction\",\"target\":[\"https:\\\/\\\/www.bodegasottano.com\\\/?page_id=3220\"]}]},{\"@type\":\"ImageObject\",\"inLanguage\":\"es\",\"@id\":\"https:\\\/\\\/www.bodegasottano.com\\\/?page_id=3220#primaryimage\",\"url\":\"https:\\\/\\\/www.bodegasottano.com\\\/wp-content\\\/uploads\\\/2025\\\/06\\\/El-Deseo-de-Judas-web-scaled.png\",\"contentUrl\":\"https:\\\/\\\/www.bodegasottano.com\\\/wp-content\\\/uploads\\\/2025\\\/06\\\/El-Deseo-de-Judas-web-scaled.png\",\"width\":632,\"height\":2560},{\"@type\":\"BreadcrumbList\",\"@id\":\"https:\\\/\\\/www.bodegasottano.com\\\/?page_id=3220#breadcrumb\",\"itemListElement\":[{\"@type\":\"ListItem\",\"position\":1,\"name\":\"Portada\",\"item\":\"https:\\\/\\\/www.bodegasottano.com\\\/\"},{\"@type\":\"ListItem\",\"position\":2,\"name\":\"El deseo de Judas\"}]},{\"@type\":\"WebSite\",\"@id\":\"https:\\\/\\\/www.bodegasottano.com\\\/#website\",\"url\":\"https:\\\/\\\/www.bodegasottano.com\\\/\",\"name\":\"Bodega Sottano\",\"description\":\"La elegancia de lo cl\u00e1sico\",\"publisher\":{\"@id\":\"https:\\\/\\\/www.bodegasottano.com\\\/#organization\"},\"potentialAction\":[{\"@type\":\"SearchAction\",\"target\":{\"@type\":\"EntryPoint\",\"urlTemplate\":\"https:\\\/\\\/www.bodegasottano.com\\\/?s={search_term_string}\"},\"query-input\":{\"@type\":\"PropertyValueSpecification\",\"valueRequired\":true,\"valueName\":\"search_term_string\"}}],\"inLanguage\":\"es\"},{\"@type\":\"Organization\",\"@id\":\"https:\\\/\\\/www.bodegasottano.com\\\/#organization\",\"name\":\"Bodega Sottano\",\"url\":\"https:\\\/\\\/www.bodegasottano.com\\\/\",\"logo\":{\"@type\":\"ImageObject\",\"inLanguage\":\"es\",\"@id\":\"https:\\\/\\\/www.bodegasottano.com\\\/#\\\/schema\\\/logo\\\/image\\\/\",\"url\":\"https:\\\/\\\/www.bodegasottano.com\\\/wp-content\\\/uploads\\\/2024\\\/09\\\/LOGO-SOTTANO-BLANCO.png\",\"contentUrl\":\"https:\\\/\\\/www.bodegasottano.com\\\/wp-content\\\/uploads\\\/2024\\\/09\\\/LOGO-SOTTANO-BLANCO.png\",\"width\":320,\"height\":48,\"caption\":\"Bodega Sottano\"},\"image\":{\"@id\":\"https:\\\/\\\/www.bodegasottano.com\\\/#\\\/schema\\\/logo\\\/image\\\/\"}}]}<\/script>\n<!-- \/ Yoast SEO plugin. -->","yoast_head_json":{"title":"El deseo de Judas - Bodega Sottano","robots":{"index":"index","follow":"follow","max-snippet":"max-snippet:-1","max-image-preview":"max-image-preview:large","max-video-preview":"max-video-preview:-1"},"canonical":"\/?page_id=3220","og_locale":"es_ES","og_type":"article","og_title":"El deseo de Judas - Bodega Sottano","og_description":"El deseo de Judas Aqu\u00ed arde el fuego sin tregua. Un vino nacido del deseo m\u00e1s profundo, ese que quema lentamente. El Deseo de Judas seduce, penetra, desarma. No hay redenci\u00f3n sin entrega, ni pasi\u00f3n sin riesgo. Lo que empieza como anhelo termina siendo destino. \u00bfQui\u00e9n dicta lo prohibido, si el alma lo implora?Esta es [&hellip;]","og_url":"\/?page_id=3220","og_site_name":"Bodega Sottano","article_modified_time":"2026-04-23T12:30:08+00:00","og_image":[{"width":632,"height":2560,"url":"\/wp-content\/uploads\/2025\/06\/El-Deseo-de-Judas-web-scaled.png","type":"image\/png"}],"twitter_card":"summary_large_image","twitter_misc":{"Tiempo de lectura":"1 minuto"},"schema":{"@context":"https:\/\/schema.org","@graph":[{"@type":"WebPage","@id":"\/?page_id=3220","url":"\/?page_id=3220","name":"El deseo de Judas - Bodega Sottano","isPartOf":{"@id":"\/#website"},"primaryImageOfPage":{"@id":"\/?page_id=3220#primaryimage"},"image":{"@id":"\/?page_id=3220#primaryimage"},"thumbnailUrl":"\/wp-content\/uploads\/2025\/06\/El-Deseo-de-Judas-web-scaled.png","datePublished":"2025-06-17T00:29:35+00:00","dateModified":"2026-04-23T12:30:08+00:00","breadcrumb":{"@id":"\/?page_id=3220#breadcrumb"},"inLanguage":"es","potentialAction":[{"@type":"ReadAction","target":["\/?page_id=3220"]}]},{"@type":"ImageObject","inLanguage":"es","@id":"\/?page_id=3220#primaryimage","url":"\/wp-content\/uploads\/2025\/06\/El-Deseo-de-Judas-web-scaled.png","contentUrl":"\/wp-content\/uploads\/2025\/06\/El-Deseo-de-Judas-web-scaled.png","width":632,"height":2560},{"@type":"BreadcrumbList","@id":"\/?page_id=3220#breadcrumb","itemListElement":[{"@type":"ListItem","position":1,"name":"Portada","item":"\/"},{"@type":"ListItem","position":2,"name":"El deseo de Judas"}]},{"@type":"WebSite","@id":"\/#website","url":"\/","name":"Bodega Sottano","description":"La elegancia de lo cl\u00e1sico","publisher":{"@id":"\/#organization"},"potentialAction":[{"@type":"SearchAction","target":{"@type":"EntryPoint","urlTemplate":"\/?s={search_term_string}"},"query-input":{"@type":"PropertyValueSpecification","valueRequired":true,"valueName":"search_term_string"}}],"inLanguage":"es"},{"@type":"Organization","@id":"\/#organization","name":"Bodega Sottano","url":"\/","logo":{"@type":"ImageObject","inLanguage":"es","@id":"\/#\/schema\/logo\/image\/","url":"\/wp-content\/uploads\/2024\/09\/LOGO-SOTTANO-BLANCO.png","contentUrl":"\/wp-content\/uploads\/2024\/09\/LOGO-SOTTANO-BLANCO.png","width":320,"height":48,"caption":"Bodega Sottano"},"image":{"@id":"\/#\/schema\/logo\/image\/"}}]}},"_links":{"self":[{"href":"\/index.php?rest_route=\/wp\/v2\/pages\/3220","targetHints":{"allow":["GET"]}}],"collection":[{"href":"\/index.php?rest_route=\/wp\/v2\/pages"}],"about":[{"href":"\/index.php?rest_route=\/wp\/v2\/types\/page"}],"author":[{"embeddable":true,"href":"\/index.php?rest_route=\/wp\/v2\/users\/2"}],"replies":[{"embeddable":true,"href":"\/index.php?rest_route=%2Fwp%2Fv2%2Fcomments&post=3220"}],"version-history":[{"count":19,"href":"\/index.php?rest_route=\/wp\/v2\/pages\/3220\/revisions"}],"predecessor-version":[{"id":5808,"href":"\/index.php?rest_route=\/wp\/v2\/pages\/3220\/revisions\/5808"}],"wp:attachment":[{"href":"\/index.php?rest_route=%2Fwp%2Fv2%2Fmedia&parent=3220"}],"curies":[{"name":"wp","href":"https:\/\/api.w.org\/{rel}","templated":true}]}}