{"id":22,"date":"2024-09-15T09:40:48","date_gmt":"2024-09-15T09:40:48","guid":{"rendered":"\/?page_id=22"},"modified":"2024-10-18T14:54:18","modified_gmt":"2024-10-18T14:54:18","slug":"winemakers","status":"publish","type":"page","link":"\/?page_id=22","title":{"rendered":"winemakers"},"content":{"rendered":"\t\t<div data-elementor-type=\"wp-page\" data-elementor-id=\"22\" class=\"elementor elementor-22\" data-elementor-post-type=\"page\">\n\t\t\t\t<div class=\"elementor-element elementor-element-f5ad659 e-con-full e-flex e-con e-parent\" data-id=\"f5ad659\" data-element_type=\"container\" data-e-type=\"container\" data-settings=\"{&quot;background_background&quot;:&quot;classic&quot;}\">\n\t\t\t\t<div class=\"elementor-element elementor-element-3d39662 elementor-widget elementor-widget-image\" data-id=\"3d39662\" data-element_type=\"widget\" data-e-type=\"widget\" data-widget_type=\"image.default\">\n\t\t\t\t<div class=\"elementor-widget-container\">\n\t\t\t\t\t\t\t\t\t\t\t\t\t\t\t<img fetchpriority=\"high\" decoding=\"async\" width=\"516\" height=\"512\" src=\"\/wp-content\/uploads\/2024\/09\/Favicon-sottano.png\" class=\"attachment-full size-full wp-image-36\" alt=\"\" srcset=\"\/wp-content\/uploads\/2024\/09\/Favicon-sottano.png 516w, \/wp-content\/uploads\/2024\/09\/Favicon-sottano-300x298.png 300w, \/wp-content\/uploads\/2024\/09\/Favicon-sottano-150x150.png 150w\" sizes=\"(max-width: 516px) 100vw, 516px\" \/>\t\t\t\t\t\t\t\t\t\t\t\t\t\t\t<\/div>\n\t\t\t\t<\/div>\n\t\t\t\t<\/div>\n\t\t<div class=\"elementor-element elementor-element-b911ab7 e-flex e-con-boxed e-con e-parent\" data-id=\"b911ab7\" data-element_type=\"container\" data-e-type=\"container\" data-settings=\"{&quot;background_background&quot;:&quot;classic&quot;}\">\n\t\t\t\t\t<div class=\"e-con-inner\">\n\t\t\t\t<div class=\"elementor-element elementor-element-5190eca elementor-widget elementor-widget-heading\" data-id=\"5190eca\" data-element_type=\"widget\" data-e-type=\"widget\" data-widget_type=\"heading.default\">\n\t\t\t\t<div class=\"elementor-widget-container\">\n\t\t\t\t\t<h2 class=\"elementor-heading-title elementor-size-default\">Winemakers<\/h2>\t\t\t\t<\/div>\n\t\t\t\t<\/div>\n\t\t\t\t\t<\/div>\n\t\t\t\t<\/div>\n\t\t<div class=\"elementor-element elementor-element-2faef1cf e-flex e-con-boxed e-con e-parent\" data-id=\"2faef1cf\" data-element_type=\"container\" data-e-type=\"container\">\n\t\t\t\t\t<div class=\"e-con-inner\">\n\t\t<div class=\"elementor-element elementor-element-b6127c4 e-con-full e-flex e-con e-child\" data-id=\"b6127c4\" data-element_type=\"container\" data-e-type=\"container\" data-settings=\"{&quot;background_background&quot;:&quot;classic&quot;}\">\n\t\t\t\t<div class=\"elementor-element elementor-element-46b9bdd1 elementor-widget elementor-widget-heading\" data-id=\"46b9bdd1\" data-element_type=\"widget\" data-e-type=\"widget\" data-widget_type=\"heading.default\">\n\t\t\t\t<div class=\"elementor-widget-container\">\n\t\t\t\t\t<h2 class=\"elementor-heading-title elementor-size-default\">PRIMER EN\u00d3LOGO<\/h2>\t\t\t\t<\/div>\n\t\t\t\t<\/div>\n\t\t\t\t<div class=\"elementor-element elementor-element-637f2639 elementor-widget elementor-widget-heading\" data-id=\"637f2639\" data-element_type=\"widget\" data-e-type=\"widget\" data-widget_type=\"heading.default\">\n\t\t\t\t<div class=\"elementor-widget-container\">\n\t\t\t\t\t<h2 class=\"elementor-heading-title elementor-size-default\">Adr\u00edan Toledo<\/h2>\t\t\t\t<\/div>\n\t\t\t\t<\/div>\n\t\t\t\t<div class=\"elementor-element elementor-element-32c12f67 elementor-widget elementor-widget-text-editor\" data-id=\"32c12f67\" data-element_type=\"widget\" data-e-type=\"widget\" data-widget_type=\"text-editor.default\">\n\t\t\t\t<div class=\"elementor-widget-container\">\n\t\t\t\t\t\t\t\t\t<p class=\"p1\">Experimentar e investigar es nuestra principal motivaci\u00f3n en este apasionante estilo de vida. Buscamos comprender, interpretar y expresar de la mejor manera cada lugar, siempre resaltando la diversidad en nuestros vinos&#8230;<\/p>\t\t\t\t\t\t\t\t<\/div>\n\t\t\t\t<\/div>\n\t\t\t\t<\/div>\n\t\t<div class=\"elementor-element elementor-element-236b3395 e-con-full e-flex e-con e-child\" data-id=\"236b3395\" data-element_type=\"container\" data-e-type=\"container\" data-settings=\"{&quot;background_background&quot;:&quot;classic&quot;}\">\n\t\t\t\t<\/div>\n\t\t\t\t\t<\/div>\n\t\t\t\t<\/div>\n\t\t<div class=\"elementor-element elementor-element-61ef411 e-flex e-con-boxed e-con e-parent\" data-id=\"61ef411\" data-element_type=\"container\" data-e-type=\"container\">\n\t\t\t\t\t<div class=\"e-con-inner\">\n\t\t<div class=\"elementor-element elementor-element-625daae e-grid e-con-full e-con e-child\" data-id=\"625daae\" data-element_type=\"container\" data-e-type=\"container\">\n\t\t\t\t<div class=\"elementor-element elementor-element-a806fcc elementor-widget elementor-widget-image\" data-id=\"a806fcc\" data-element_type=\"widget\" data-e-type=\"widget\" data-widget_type=\"image.default\">\n\t\t\t\t<div class=\"elementor-widget-container\">\n\t\t\t\t\t\t\t\t\t\t\t\t\t\t\t<img decoding=\"async\" width=\"387\" height=\"519\" src=\"\/wp-content\/uploads\/2024\/09\/Sofia-Ana.jpg\" class=\"attachment-full size-full wp-image-673\" alt=\"\" srcset=\"\/wp-content\/uploads\/2024\/09\/Sofia-Ana.jpg 387w, \/wp-content\/uploads\/2024\/09\/Sofia-Ana-224x300.jpg 224w\" sizes=\"(max-width: 387px) 100vw, 387px\" \/>\t\t\t\t\t\t\t\t\t\t\t\t\t\t\t<\/div>\n\t\t\t\t<\/div>\n\t\t\t\t<div class=\"elementor-element elementor-element-7e204b5 elementor-widget elementor-widget-image\" data-id=\"7e204b5\" data-element_type=\"widget\" data-e-type=\"widget\" data-widget_type=\"image.default\">\n\t\t\t\t<div class=\"elementor-widget-container\">\n\t\t\t\t\t\t\t\t\t\t\t\t\t\t\t<img decoding=\"async\" width=\"387\" height=\"519\" src=\"\/wp-content\/uploads\/2024\/09\/Matias-Minuzzi.jpg\" class=\"attachment-full size-full wp-image-674\" alt=\"\" srcset=\"\/wp-content\/uploads\/2024\/09\/Matias-Minuzzi.jpg 387w, \/wp-content\/uploads\/2024\/09\/Matias-Minuzzi-224x300.jpg 224w\" sizes=\"(max-width: 387px) 100vw, 387px\" \/>\t\t\t\t\t\t\t\t\t\t\t\t\t\t\t<\/div>\n\t\t\t\t<\/div>\n\t\t\t\t<div class=\"elementor-element elementor-element-459e9b7 elementor-widget__width-inherit elementor-widget elementor-widget-text-editor\" data-id=\"459e9b7\" data-element_type=\"widget\" data-e-type=\"widget\" data-widget_type=\"text-editor.default\">\n\t\t\t\t<div class=\"elementor-widget-container\">\n\t\t\t\t\t\t\t\t\t<h2>Sofia Ana<\/h2><p style=\"font-family: 'Noto serif'; font-size: 15px;\">Excelencia en cada vino, tradici\u00f3n y la elegancia es nuestra b\u00fasqueda constante. Por eso, mi compromiso es cuidar cada detalle con dedicaci\u00f3n y buscar siempre la superaci\u00f3n.<\/p>\t\t\t\t\t\t\t\t<\/div>\n\t\t\t\t<\/div>\n\t\t\t\t<div class=\"elementor-element elementor-element-85a16d2 elementor-widget__width-inherit elementor-widget elementor-widget-text-editor\" data-id=\"85a16d2\" data-element_type=\"widget\" data-e-type=\"widget\" data-widget_type=\"text-editor.default\">\n\t\t\t\t<div class=\"elementor-widget-container\">\n\t\t\t\t\t\t\t\t\t<h2>Mat\u00edas Minuzzi<\/h2>\n<p>&nbsp;<span style=\"font-family: &quot;Noto serif&quot;; font-size: 15px; color: var( --e-global-color-text ); font-weight: var( --e-global-typography-text-font-weight );\">Mi enfoque combina creatividad y precisi\u00f3n para crear vinos \u00fanicos que reflejan la esencia de cada cosecha. Cada botella refleja un proceso meticuloso desde el vi\u00f1edo hasta la copa. La pasi\u00f3n por el vino es el motor para llevarlo a cabo.<\/span><\/p>\t\t\t\t\t\t\t\t<\/div>\n\t\t\t\t<\/div>\n\t\t\t\t<\/div>\n\t\t\t\t\t<\/div>\n\t\t\t\t<\/div>\n\t\t<div class=\"elementor-element elementor-element-ffa217c e-flex e-con-boxed e-con e-parent\" data-id=\"ffa217c\" data-element_type=\"container\" data-e-type=\"container\" data-settings=\"{&quot;background_background&quot;:&quot;classic&quot;}\">\n\t\t\t\t\t<div class=\"e-con-inner\">\n\t\t\t\t<div class=\"elementor-element elementor-element-c64aeb4 elementor-widget elementor-widget-heading\" data-id=\"c64aeb4\" data-element_type=\"widget\" data-e-type=\"widget\" data-widget_type=\"heading.default\">\n\t\t\t\t<div class=\"elementor-widget-container\">\n\t\t\t\t\t<h2 class=\"elementor-heading-title elementor-size-default\">Vi\u00f1edos<\/h2>\t\t\t\t<\/div>\n\t\t\t\t<\/div>\n\t\t\t\t<div class=\"elementor-element elementor-element-24d8efcd elementor-widget elementor-widget-text-editor\" data-id=\"24d8efcd\" data-element_type=\"widget\" data-e-type=\"widget\" data-widget_type=\"text-editor.default\">\n\t\t\t\t<div class=\"elementor-widget-container\">\n\t\t\t\t\t\t\t\t\tCuidadosamente seleccionados, para expresar los valores de nuestra naturaleza<br>\ny elaborar vinos de alta gama.\t\t\t\t\t\t\t\t<\/div>\n\t\t\t\t<\/div>\n\t\t\t\t\t<\/div>\n\t\t\t\t<\/div>\n\t\t<div class=\"elementor-element elementor-element-fb3832d e-flex e-con-boxed e-con e-parent\" data-id=\"fb3832d\" data-element_type=\"container\" data-e-type=\"container\">\n\t\t\t\t\t<div class=\"e-con-inner\">\n\t\t<div class=\"elementor-element elementor-element-41f40ea e-con-full e-flex e-con e-child\" data-id=\"41f40ea\" data-element_type=\"container\" data-e-type=\"container\" data-settings=\"{&quot;background_background&quot;:&quot;classic&quot;}\">\n\t\t\t\t<div class=\"elementor-element elementor-element-ca94d77 elementor-widget elementor-widget-heading\" data-id=\"ca94d77\" data-element_type=\"widget\" data-e-type=\"widget\" data-widget_type=\"heading.default\">\n\t\t\t\t<div class=\"elementor-widget-container\">\n\t\t\t\t\t<h2 class=\"elementor-heading-title elementor-size-default\">Perdriel<\/h2>\t\t\t\t<\/div>\n\t\t\t\t<\/div>\n\t\t\t\t<div class=\"elementor-element elementor-element-06785ff elementor-widget elementor-widget-text-editor\" data-id=\"06785ff\" data-element_type=\"widget\" data-e-type=\"widget\" data-widget_type=\"text-editor.default\">\n\t\t\t\t<div class=\"elementor-widget-container\">\n\t\t\t\t\t\t\t\t\t<p class=\"p1\">Nuestro principal vi\u00f1edo se encuentra en la zona alta del R\u00edo Mendoza. Ubicado a 980 msnm, la localidad de Perdriel posee gran amplitud t\u00e9rmica que nos entrega uvas de intensos colores, y de gran peso en boca debido a sus suelos aluvionales, complejos y profundos, de rocas peque\u00f1as con arcilla proveniente del R\u00edo Mendoza. Los aromas de frutas rojas y negras son favorecidas por una temperatura promedio de 20\u00b0C, lo que permite una buena maduraci\u00f3n, logrando taninos dulces y redondos.<\/p>\t\t\t\t\t\t\t\t<\/div>\n\t\t\t\t<\/div>\n\t\t\t\t<\/div>\n\t\t<div class=\"elementor-element elementor-element-3f610fe e-con-full e-flex e-con e-child\" data-id=\"3f610fe\" data-element_type=\"container\" data-e-type=\"container\" data-settings=\"{&quot;background_background&quot;:&quot;classic&quot;}\">\n\t\t\t\t<\/div>\n\t\t\t\t\t<\/div>\n\t\t\t\t<\/div>\n\t\t<div class=\"elementor-element elementor-element-d86265b e-flex e-con-boxed e-con e-parent\" data-id=\"d86265b\" data-element_type=\"container\" data-e-type=\"container\">\n\t\t\t\t\t<div class=\"e-con-inner\">\n\t\t<div class=\"elementor-element elementor-element-98e46b5 e-con-full e-flex e-con e-child\" data-id=\"98e46b5\" data-element_type=\"container\" data-e-type=\"container\" data-settings=\"{&quot;background_background&quot;:&quot;classic&quot;}\">\n\t\t\t\t<\/div>\n\t\t<div class=\"elementor-element elementor-element-174bbd9 e-con-full e-flex e-con e-child\" data-id=\"174bbd9\" data-element_type=\"container\" data-e-type=\"container\" data-settings=\"{&quot;background_background&quot;:&quot;classic&quot;}\">\n\t\t\t\t<div class=\"elementor-element elementor-element-4203a11 elementor-widget elementor-widget-heading\" data-id=\"4203a11\" data-element_type=\"widget\" data-e-type=\"widget\" data-widget_type=\"heading.default\">\n\t\t\t\t<div class=\"elementor-widget-container\">\n\t\t\t\t\t<h2 class=\"elementor-heading-title elementor-size-default\">Vista Flores<\/h2>\t\t\t\t<\/div>\n\t\t\t\t<\/div>\n\t\t\t\t<div class=\"elementor-element elementor-element-7631764 elementor-widget elementor-widget-text-editor\" data-id=\"7631764\" data-element_type=\"widget\" data-e-type=\"widget\" data-widget_type=\"text-editor.default\">\n\t\t\t\t<div class=\"elementor-widget-container\">\n\t\t\t\t\t\t\t\t\t<p class=\"p1\">Este vi\u00f1edo est\u00e1 ubicado a 1050 msnm. Las noches fr\u00edas y los d\u00edas plenos de sol favorecen la formaci\u00f3n de aromas a frutos rojos, colores vivos y taninos firmes. El suelo franco pedregoso nos entrega rendimientos muy bajos, lo que naturalmente nos da una buena estructura y una marcada acidez en los vinos obtenidos de este vi\u00f1edo.<\/p>\t\t\t\t\t\t\t\t<\/div>\n\t\t\t\t<\/div>\n\t\t\t\t<\/div>\n\t\t\t\t\t<\/div>\n\t\t\t\t<\/div>\n\t\t<div class=\"elementor-element elementor-element-7b23a82 e-flex e-con-boxed e-con e-parent\" data-id=\"7b23a82\" data-element_type=\"container\" data-e-type=\"container\">\n\t\t\t\t\t<div class=\"e-con-inner\">\n\t\t<div class=\"elementor-element elementor-element-bf3a05d e-con-full e-flex e-con e-child\" data-id=\"bf3a05d\" data-element_type=\"container\" data-e-type=\"container\" data-settings=\"{&quot;background_background&quot;:&quot;classic&quot;}\">\n\t\t\t\t<div class=\"elementor-element elementor-element-6018b7e elementor-widget elementor-widget-heading\" data-id=\"6018b7e\" data-element_type=\"widget\" data-e-type=\"widget\" data-widget_type=\"heading.default\">\n\t\t\t\t<div class=\"elementor-widget-container\">\n\t\t\t\t\t<h2 class=\"elementor-heading-title elementor-size-default\">Altamira<\/h2>\t\t\t\t<\/div>\n\t\t\t\t<\/div>\n\t\t\t\t<div class=\"elementor-element elementor-element-6840596 elementor-widget elementor-widget-text-editor\" data-id=\"6840596\" data-element_type=\"widget\" data-e-type=\"widget\" data-widget_type=\"text-editor.default\">\n\t\t\t\t<div class=\"elementor-widget-container\">\n\t\t\t\t\t\t\t\t\t<p class=\"p1\">La regi\u00f3n de Altamira nos permite obtener vinos de caracter\u00edsticas muy particulares, con colores complejos y de gran persistencia en boca. Debido a que su suelo es franco arenoso, profundo con incrustaci\u00f3n de carbonato de calcio, otorga notas minerales como el grafito y la p\u00f3lvora, acomplejando la fruta roja y negra t\u00edpica de esta zona.<\/p>\t\t\t\t\t\t\t\t<\/div>\n\t\t\t\t<\/div>\n\t\t\t\t<\/div>\n\t\t<div class=\"elementor-element elementor-element-2e33bc9 e-con-full e-flex e-con e-child\" data-id=\"2e33bc9\" data-element_type=\"container\" data-e-type=\"container\" data-settings=\"{&quot;background_background&quot;:&quot;classic&quot;}\">\n\t\t\t\t<\/div>\n\t\t\t\t\t<\/div>\n\t\t\t\t<\/div>\n\t\t<div class=\"elementor-element elementor-element-0845a72 e-flex e-con-boxed e-con e-parent\" data-id=\"0845a72\" data-element_type=\"container\" data-e-type=\"container\">\n\t\t\t\t\t<div class=\"e-con-inner\">\n\t\t<div class=\"elementor-element elementor-element-0bbcae6 e-con-full e-flex e-con e-child\" data-id=\"0bbcae6\" data-element_type=\"container\" data-e-type=\"container\" data-settings=\"{&quot;background_background&quot;:&quot;classic&quot;}\">\n\t\t\t\t<\/div>\n\t\t<div class=\"elementor-element elementor-element-3bb8a33 e-con-full e-flex e-con e-child\" data-id=\"3bb8a33\" data-element_type=\"container\" data-e-type=\"container\" data-settings=\"{&quot;background_background&quot;:&quot;classic&quot;}\">\n\t\t\t\t<div class=\"elementor-element elementor-element-65cb16a elementor-widget elementor-widget-heading\" data-id=\"65cb16a\" data-element_type=\"widget\" data-e-type=\"widget\" data-widget_type=\"heading.default\">\n\t\t\t\t<div class=\"elementor-widget-container\">\n\t\t\t\t\t<h2 class=\"elementor-heading-title elementor-size-default\">Gualtallary<\/h2>\t\t\t\t<\/div>\n\t\t\t\t<\/div>\n\t\t\t\t<div class=\"elementor-element elementor-element-5a3d240 elementor-widget elementor-widget-text-editor\" data-id=\"5a3d240\" data-element_type=\"widget\" data-e-type=\"widget\" data-widget_type=\"text-editor.default\">\n\t\t\t\t<div class=\"elementor-widget-container\">\n\t\t\t\t\t\t\t\t\t<p class=\"p1\">Este es el vi\u00f1edo m\u00e1s alto, ubicado a 1440 msnm. En este suelo encontramos piedras y arena, con peque\u00f1as cantidades de carbonato de calcio, lo que posibilita la obtenci\u00f3n de vinos m\u00e1s concentrados y estructurados. Es una zona muy fresca, con gran amplitud t\u00e9rmica, lo que nos permite elaborar vinos potentes ,de gran explosi\u00f3n arom\u00e1tica, y buena acidez.<\/p>\t\t\t\t\t\t\t\t<\/div>\n\t\t\t\t<\/div>\n\t\t\t\t<\/div>\n\t\t\t\t\t<\/div>\n\t\t\t\t<\/div>\n\t\t\t\t<\/div>\n\t\t","protected":false},"excerpt":{"rendered":"<p>Winemakers PRIMER EN\u00d3LOGO Adr\u00edan Toledo Experimentar e investigar es nuestra principal motivaci\u00f3n en este apasionante estilo de vida. Buscamos comprender, interpretar y expresar de la mejor manera cada lugar, siempre resaltando la diversidad en nuestros vinos&#8230; Sofia Ana Excelencia en cada vino, tradici\u00f3n y la elegancia es nuestra b\u00fasqueda constante. Por eso, mi compromiso es [&hellip;]<\/p>\n","protected":false},"author":1,"featured_media":0,"parent":0,"menu_order":0,"comment_status":"closed","ping_status":"closed","template":"","meta":{"inline_featured_image":false,"_joinchat":[],"footnotes":""},"class_list":["post-22","page","type-page","status-publish","hentry"],"yoast_head":"<!-- This site is optimized with the Yoast SEO plugin v27.6 - https:\/\/yoast.com\/product\/yoast-seo-wordpress\/ -->\n<title>winemakers - Bodega Sottano<\/title>\n<meta name=\"robots\" content=\"index, follow, max-snippet:-1, max-image-preview:large, max-video-preview:-1\" \/>\n<link rel=\"canonical\" href=\"\/?page_id=22\" \/>\n<meta property=\"og:locale\" content=\"es_ES\" \/>\n<meta property=\"og:type\" content=\"article\" \/>\n<meta property=\"og:title\" content=\"winemakers - Bodega Sottano\" \/>\n<meta property=\"og:description\" content=\"Winemakers PRIMER EN\u00d3LOGO Adr\u00edan Toledo Experimentar e investigar es nuestra principal motivaci\u00f3n en este apasionante estilo de vida. Buscamos comprender, interpretar y expresar de la mejor manera cada lugar, siempre resaltando la diversidad en nuestros vinos&#8230; Sofia Ana Excelencia en cada vino, tradici\u00f3n y la elegancia es nuestra b\u00fasqueda constante. Por eso, mi compromiso es [&hellip;]\" \/>\n<meta property=\"og:url\" content=\"\/?page_id=22\" \/>\n<meta property=\"og:site_name\" content=\"Bodega Sottano\" \/>\n<meta property=\"article:modified_time\" content=\"2024-10-18T14:54:18+00:00\" \/>\n<meta property=\"og:image\" content=\"https:\/\/mgestudiografico.com\/sottano\/wp-content\/uploads\/2024\/09\/Favicon-sottano.png\" \/>\n<meta name=\"twitter:card\" content=\"summary_large_image\" \/>\n<meta name=\"twitter:label1\" content=\"Tiempo de lectura\" \/>\n\t<meta name=\"twitter:data1\" content=\"2 minutos\" \/>\n<script type=\"application\/ld+json\" class=\"yoast-schema-graph\">{\"@context\":\"https:\\\/\\\/schema.org\",\"@graph\":[{\"@type\":\"WebPage\",\"@id\":\"https:\\\/\\\/www.bodegasottano.com\\\/?page_id=22\",\"url\":\"https:\\\/\\\/www.bodegasottano.com\\\/?page_id=22\",\"name\":\"winemakers - Bodega Sottano\",\"isPartOf\":{\"@id\":\"https:\\\/\\\/www.bodegasottano.com\\\/#website\"},\"primaryImageOfPage\":{\"@id\":\"https:\\\/\\\/www.bodegasottano.com\\\/?page_id=22#primaryimage\"},\"image\":{\"@id\":\"https:\\\/\\\/www.bodegasottano.com\\\/?page_id=22#primaryimage\"},\"thumbnailUrl\":\"https:\\\/\\\/mgestudiografico.com\\\/sottano\\\/wp-content\\\/uploads\\\/2024\\\/09\\\/Favicon-sottano.png\",\"datePublished\":\"2024-09-15T09:40:48+00:00\",\"dateModified\":\"2024-10-18T14:54:18+00:00\",\"breadcrumb\":{\"@id\":\"https:\\\/\\\/www.bodegasottano.com\\\/?page_id=22#breadcrumb\"},\"inLanguage\":\"es\",\"potentialAction\":[{\"@type\":\"ReadAction\",\"target\":[\"https:\\\/\\\/www.bodegasottano.com\\\/?page_id=22\"]}]},{\"@type\":\"ImageObject\",\"inLanguage\":\"es\",\"@id\":\"https:\\\/\\\/www.bodegasottano.com\\\/?page_id=22#primaryimage\",\"url\":\"https:\\\/\\\/mgestudiografico.com\\\/sottano\\\/wp-content\\\/uploads\\\/2024\\\/09\\\/Favicon-sottano.png\",\"contentUrl\":\"https:\\\/\\\/mgestudiografico.com\\\/sottano\\\/wp-content\\\/uploads\\\/2024\\\/09\\\/Favicon-sottano.png\"},{\"@type\":\"BreadcrumbList\",\"@id\":\"https:\\\/\\\/www.bodegasottano.com\\\/?page_id=22#breadcrumb\",\"itemListElement\":[{\"@type\":\"ListItem\",\"position\":1,\"name\":\"Portada\",\"item\":\"https:\\\/\\\/www.bodegasottano.com\\\/\"},{\"@type\":\"ListItem\",\"position\":2,\"name\":\"winemakers\"}]},{\"@type\":\"WebSite\",\"@id\":\"https:\\\/\\\/www.bodegasottano.com\\\/#website\",\"url\":\"https:\\\/\\\/www.bodegasottano.com\\\/\",\"name\":\"Bodega Sottano\",\"description\":\"La elegancia de lo cl\u00e1sico\",\"publisher\":{\"@id\":\"https:\\\/\\\/www.bodegasottano.com\\\/#organization\"},\"potentialAction\":[{\"@type\":\"SearchAction\",\"target\":{\"@type\":\"EntryPoint\",\"urlTemplate\":\"https:\\\/\\\/www.bodegasottano.com\\\/?s={search_term_string}\"},\"query-input\":{\"@type\":\"PropertyValueSpecification\",\"valueRequired\":true,\"valueName\":\"search_term_string\"}}],\"inLanguage\":\"es\"},{\"@type\":\"Organization\",\"@id\":\"https:\\\/\\\/www.bodegasottano.com\\\/#organization\",\"name\":\"Bodega Sottano\",\"url\":\"https:\\\/\\\/www.bodegasottano.com\\\/\",\"logo\":{\"@type\":\"ImageObject\",\"inLanguage\":\"es\",\"@id\":\"https:\\\/\\\/www.bodegasottano.com\\\/#\\\/schema\\\/logo\\\/image\\\/\",\"url\":\"https:\\\/\\\/www.bodegasottano.com\\\/wp-content\\\/uploads\\\/2024\\\/09\\\/LOGO-SOTTANO-BLANCO.png\",\"contentUrl\":\"https:\\\/\\\/www.bodegasottano.com\\\/wp-content\\\/uploads\\\/2024\\\/09\\\/LOGO-SOTTANO-BLANCO.png\",\"width\":320,\"height\":48,\"caption\":\"Bodega Sottano\"},\"image\":{\"@id\":\"https:\\\/\\\/www.bodegasottano.com\\\/#\\\/schema\\\/logo\\\/image\\\/\"}}]}<\/script>\n<!-- \/ Yoast SEO plugin. -->","yoast_head_json":{"title":"winemakers - Bodega Sottano","robots":{"index":"index","follow":"follow","max-snippet":"max-snippet:-1","max-image-preview":"max-image-preview:large","max-video-preview":"max-video-preview:-1"},"canonical":"\/?page_id=22","og_locale":"es_ES","og_type":"article","og_title":"winemakers - Bodega Sottano","og_description":"Winemakers PRIMER EN\u00d3LOGO Adr\u00edan Toledo Experimentar e investigar es nuestra principal motivaci\u00f3n en este apasionante estilo de vida. Buscamos comprender, interpretar y expresar de la mejor manera cada lugar, siempre resaltando la diversidad en nuestros vinos&#8230; Sofia Ana Excelencia en cada vino, tradici\u00f3n y la elegancia es nuestra b\u00fasqueda constante. Por eso, mi compromiso es [&hellip;]","og_url":"\/?page_id=22","og_site_name":"Bodega Sottano","article_modified_time":"2024-10-18T14:54:18+00:00","og_image":[{"url":"https:\/\/mgestudiografico.com\/sottano\/wp-content\/uploads\/2024\/09\/Favicon-sottano.png","type":"","width":"","height":""}],"twitter_card":"summary_large_image","twitter_misc":{"Tiempo de lectura":"2 minutos"},"schema":{"@context":"https:\/\/schema.org","@graph":[{"@type":"WebPage","@id":"\/?page_id=22","url":"\/?page_id=22","name":"winemakers - Bodega Sottano","isPartOf":{"@id":"\/#website"},"primaryImageOfPage":{"@id":"\/?page_id=22#primaryimage"},"image":{"@id":"\/?page_id=22#primaryimage"},"thumbnailUrl":"https:\/\/mgestudiografico.com\/sottano\/wp-content\/uploads\/2024\/09\/Favicon-sottano.png","datePublished":"2024-09-15T09:40:48+00:00","dateModified":"2024-10-18T14:54:18+00:00","breadcrumb":{"@id":"\/?page_id=22#breadcrumb"},"inLanguage":"es","potentialAction":[{"@type":"ReadAction","target":["\/?page_id=22"]}]},{"@type":"ImageObject","inLanguage":"es","@id":"\/?page_id=22#primaryimage","url":"https:\/\/mgestudiografico.com\/sottano\/wp-content\/uploads\/2024\/09\/Favicon-sottano.png","contentUrl":"https:\/\/mgestudiografico.com\/sottano\/wp-content\/uploads\/2024\/09\/Favicon-sottano.png"},{"@type":"BreadcrumbList","@id":"\/?page_id=22#breadcrumb","itemListElement":[{"@type":"ListItem","position":1,"name":"Portada","item":"\/"},{"@type":"ListItem","position":2,"name":"winemakers"}]},{"@type":"WebSite","@id":"\/#website","url":"\/","name":"Bodega Sottano","description":"La elegancia de lo cl\u00e1sico","publisher":{"@id":"\/#organization"},"potentialAction":[{"@type":"SearchAction","target":{"@type":"EntryPoint","urlTemplate":"\/?s={search_term_string}"},"query-input":{"@type":"PropertyValueSpecification","valueRequired":true,"valueName":"search_term_string"}}],"inLanguage":"es"},{"@type":"Organization","@id":"\/#organization","name":"Bodega Sottano","url":"\/","logo":{"@type":"ImageObject","inLanguage":"es","@id":"\/#\/schema\/logo\/image\/","url":"\/wp-content\/uploads\/2024\/09\/LOGO-SOTTANO-BLANCO.png","contentUrl":"\/wp-content\/uploads\/2024\/09\/LOGO-SOTTANO-BLANCO.png","width":320,"height":48,"caption":"Bodega Sottano"},"image":{"@id":"\/#\/schema\/logo\/image\/"}}]}},"_links":{"self":[{"href":"\/index.php?rest_route=\/wp\/v2\/pages\/22","targetHints":{"allow":["GET"]}}],"collection":[{"href":"\/index.php?rest_route=\/wp\/v2\/pages"}],"about":[{"href":"\/index.php?rest_route=\/wp\/v2\/types\/page"}],"author":[{"embeddable":true,"href":"\/index.php?rest_route=\/wp\/v2\/users\/1"}],"replies":[{"embeddable":true,"href":"\/index.php?rest_route=%2Fwp%2Fv2%2Fcomments&post=22"}],"version-history":[{"count":67,"href":"\/index.php?rest_route=\/wp\/v2\/pages\/22\/revisions"}],"predecessor-version":[{"id":1236,"href":"\/index.php?rest_route=\/wp\/v2\/pages\/22\/revisions\/1236"}],"wp:attachment":[{"href":"\/index.php?rest_route=%2Fwp%2Fv2%2Fmedia&parent=22"}],"curies":[{"name":"wp","href":"https:\/\/api.w.org\/{rel}","templated":true}]}}