{"id":1893,"date":"2024-12-05T01:44:00","date_gmt":"2024-12-05T01:44:00","guid":{"rendered":"\/?page_id=1893"},"modified":"2025-06-13T12:13:48","modified_gmt":"2025-06-13T12:13:48","slug":"judas-terroir-altamira","status":"publish","type":"page","link":"\/?page_id=1893","title":{"rendered":"Judas terroir Altamira"},"content":{"rendered":"\t\t<div data-elementor-type=\"wp-page\" data-elementor-id=\"1893\" class=\"elementor elementor-1893\" data-elementor-post-type=\"page\">\n\t\t\t\t<div class=\"elementor-element elementor-element-14705c5e e-con-full e-flex e-con e-parent\" data-id=\"14705c5e\" data-element_type=\"container\" data-e-type=\"container\">\n\t\t<div class=\"elementor-element elementor-element-5ab3dc24 e-con-full e-flex e-con e-child\" data-id=\"5ab3dc24\" data-element_type=\"container\" data-e-type=\"container\" data-settings=\"{&quot;background_background&quot;:&quot;classic&quot;}\">\n\t\t\t\t<div class=\"elementor-element elementor-element-2a44515 elementor-widget elementor-widget-image\" data-id=\"2a44515\" data-element_type=\"widget\" data-e-type=\"widget\" data-widget_type=\"image.default\">\n\t\t\t\t<div class=\"elementor-widget-container\">\n\t\t\t\t\t\t\t\t\t\t\t\t\t\t\t<img fetchpriority=\"high\" decoding=\"async\" width=\"1707\" height=\"2560\" src=\"\/wp-content\/uploads\/2024\/12\/Judas-Altamira-scaled.jpg\" class=\"attachment-full size-full wp-image-1772\" alt=\"\" srcset=\"\/wp-content\/uploads\/2024\/12\/Judas-Altamira-scaled.jpg 1707w, \/wp-content\/uploads\/2024\/12\/Judas-Altamira-200x300.jpg 200w, \/wp-content\/uploads\/2024\/12\/Judas-Altamira-683x1024.jpg 683w, \/wp-content\/uploads\/2024\/12\/Judas-Altamira-768x1152.jpg 768w, \/wp-content\/uploads\/2024\/12\/Judas-Altamira-1024x1536.jpg 1024w, \/wp-content\/uploads\/2024\/12\/Judas-Altamira-1365x2048.jpg 1365w\" sizes=\"(max-width: 1707px) 100vw, 1707px\" \/>\t\t\t\t\t\t\t\t\t\t\t\t\t\t\t<\/div>\n\t\t\t\t<\/div>\n\t\t\t\t<\/div>\n\t\t<div class=\"elementor-element elementor-element-3f81ed59 e-con-full e-flex e-con e-child\" data-id=\"3f81ed59\" data-element_type=\"container\" data-e-type=\"container\" data-settings=\"{&quot;background_background&quot;:&quot;classic&quot;}\">\n\t\t\t\t<div class=\"elementor-element elementor-element-693dcb07 elementor-widget elementor-widget-heading\" data-id=\"693dcb07\" data-element_type=\"widget\" data-e-type=\"widget\" data-widget_type=\"heading.default\">\n\t\t\t\t<div class=\"elementor-widget-container\">\n\t\t\t\t\t<h2 class=\"elementor-heading-title elementor-size-default\">Judas Terroir<br>\nAltamira<\/h2>\t\t\t\t<\/div>\n\t\t\t\t<\/div>\n\t\t\t\t<div class=\"elementor-element elementor-element-756cd3cf elementor-widget elementor-widget-text-editor\" data-id=\"756cd3cf\" data-element_type=\"widget\" data-e-type=\"widget\" data-widget_type=\"text-editor.default\">\n\t\t\t\t<div class=\"elementor-widget-container\">\n\t\t\t\t\t\t\t\t\tCuando hablamos de Judas, hablamos de \u00abla manera de hacer JUDAS\u00bb. Hemos creado durante 20 a\u00f1os, una filosof\u00eda de elaboraci\u00f3n donde cada etapa del proceso es tan importante en s\u00ed misma, que requiere de trabajo y dedicaci\u00f3n a conciencia.<br\/><br\/>\n\nJUDAS TERROIRS es la manera de hacer Judas, aplicada a los terroirs m\u00e1s prestigiosos de Mendoza: Altamira, Los Chacayes y Perdriel.<br\/><br\/>\n\nAltamira: El primero de esta trilog\u00eda proviene del coraz\u00f3n del Valle de Uco. Con suelos pedregosos y un clima fresco, Altamira ofrece un vino vibrante y profundo, con notas minerales y una acidez elegante. Capturamos la pureza y la frescura de su origen, mostrando una intensidad que solo puede lograrse cuando se respeta el terroir al m\u00e1ximo.\n\t\t\t\t\t\t\t\t<\/div>\n\t\t\t\t<\/div>\n\t\t<div class=\"elementor-element elementor-element-5a82055 e-grid e-con-boxed e-con e-child\" data-id=\"5a82055\" data-element_type=\"container\" data-e-type=\"container\">\n\t\t\t\t\t<div class=\"e-con-inner\">\n\t\t\t\t<div class=\"elementor-element elementor-element-3dea1317 elementor-align-right elementor-widget elementor-widget-button\" data-id=\"3dea1317\" data-element_type=\"widget\" data-e-type=\"widget\" data-widget_type=\"button.default\">\n\t\t\t\t<div class=\"elementor-widget-container\">\n\t\t\t\t\t\t\t\t\t<div class=\"elementor-button-wrapper\">\n\t\t\t\t\t<a class=\"elementor-button elementor-button-link elementor-size-sm\" href=\"\/wp-content\/uploads\/2024\/12\/Judas-Altamira-scaled.jpg\">\n\t\t\t\t\t\t<span class=\"elementor-button-content-wrapper\">\n\t\t\t\t\t\t\t\t\t<span class=\"elementor-button-text\">descargar foto<\/span>\n\t\t\t\t\t<\/span>\n\t\t\t\t\t<\/a>\n\t\t\t\t<\/div>\n\t\t\t\t\t\t\t\t<\/div>\n\t\t\t\t<\/div>\n\t\t\t\t<div class=\"elementor-element elementor-element-13fc51b8 elementor-align-left elementor-widget elementor-widget-button\" data-id=\"13fc51b8\" data-element_type=\"widget\" data-e-type=\"widget\" data-widget_type=\"button.default\">\n\t\t\t\t<div class=\"elementor-widget-container\">\n\t\t\t\t\t\t\t\t\t<div class=\"elementor-button-wrapper\">\n\t\t\t\t\t<a class=\"elementor-button elementor-button-link elementor-size-sm\" href=\"\/wp-content\/uploads\/2025\/03\/FT-JUDAS-TERROIR-ALTAMIRA-ESPANOL.pdf\" target=\"_blank\">\n\t\t\t\t\t\t<span class=\"elementor-button-content-wrapper\">\n\t\t\t\t\t\t\t\t\t<span class=\"elementor-button-text\">ficha t\u00e9cnica<\/span>\n\t\t\t\t\t<\/span>\n\t\t\t\t\t<\/a>\n\t\t\t\t<\/div>\n\t\t\t\t\t\t\t\t<\/div>\n\t\t\t\t<\/div>\n\t\t\t\t\t<\/div>\n\t\t\t\t<\/div>\n\t\t\t\t<\/div>\n\t\t\t\t<\/div>\n\t\t\t\t<\/div>\n\t\t","protected":false},"excerpt":{"rendered":"<p>Judas Terroir Altamira Cuando hablamos de Judas, hablamos de \u00abla manera de hacer JUDAS\u00bb. Hemos creado durante 20 a\u00f1os, una filosof\u00eda de elaboraci\u00f3n donde cada etapa del proceso es tan importante en s\u00ed misma, que requiere de trabajo y dedicaci\u00f3n a conciencia. JUDAS TERROIRS es la manera de hacer Judas, aplicada a los terroirs m\u00e1s [&hellip;]<\/p>\n","protected":false},"author":2,"featured_media":0,"parent":0,"menu_order":0,"comment_status":"closed","ping_status":"closed","template":"elementor_header_footer","meta":{"inline_featured_image":false,"_joinchat":[],"footnotes":""},"class_list":["post-1893","page","type-page","status-publish","hentry"],"yoast_head":"<!-- This site is optimized with the Yoast SEO plugin v27.5 - https:\/\/yoast.com\/product\/yoast-seo-wordpress\/ -->\n<title>Judas terroir Altamira - Bodega Sottano<\/title>\n<meta name=\"robots\" content=\"index, follow, max-snippet:-1, max-image-preview:large, max-video-preview:-1\" \/>\n<link rel=\"canonical\" href=\"\/?page_id=1893\" \/>\n<meta property=\"og:locale\" content=\"es_ES\" \/>\n<meta property=\"og:type\" content=\"article\" \/>\n<meta property=\"og:title\" content=\"Judas terroir Altamira - Bodega Sottano\" \/>\n<meta property=\"og:description\" content=\"Judas Terroir Altamira Cuando hablamos de Judas, hablamos de \u00abla manera de hacer JUDAS\u00bb. Hemos creado durante 20 a\u00f1os, una filosof\u00eda de elaboraci\u00f3n donde cada etapa del proceso es tan importante en s\u00ed misma, que requiere de trabajo y dedicaci\u00f3n a conciencia. JUDAS TERROIRS es la manera de hacer Judas, aplicada a los terroirs m\u00e1s [&hellip;]\" \/>\n<meta property=\"og:url\" content=\"\/?page_id=1893\" \/>\n<meta property=\"og:site_name\" content=\"Bodega Sottano\" \/>\n<meta property=\"article:modified_time\" content=\"2025-06-13T12:13:48+00:00\" \/>\n<meta property=\"og:image\" content=\"\/wp-content\/uploads\/2024\/12\/Judas-Altamira-scaled.jpg\" \/>\n\t<meta property=\"og:image:width\" content=\"1707\" \/>\n\t<meta property=\"og:image:height\" content=\"2560\" \/>\n\t<meta property=\"og:image:type\" content=\"image\/jpeg\" \/>\n<meta name=\"twitter:card\" content=\"summary_large_image\" \/>\n<meta name=\"twitter:label1\" content=\"Tiempo de lectura\" \/>\n\t<meta name=\"twitter:data1\" content=\"1 minuto\" \/>\n<script type=\"application\/ld+json\" class=\"yoast-schema-graph\">{\"@context\":\"https:\\\/\\\/schema.org\",\"@graph\":[{\"@type\":\"WebPage\",\"@id\":\"https:\\\/\\\/www.bodegasottano.com\\\/?page_id=1893\",\"url\":\"https:\\\/\\\/www.bodegasottano.com\\\/?page_id=1893\",\"name\":\"Judas terroir Altamira - Bodega Sottano\",\"isPartOf\":{\"@id\":\"https:\\\/\\\/www.bodegasottano.com\\\/#website\"},\"primaryImageOfPage\":{\"@id\":\"https:\\\/\\\/www.bodegasottano.com\\\/?page_id=1893#primaryimage\"},\"image\":{\"@id\":\"https:\\\/\\\/www.bodegasottano.com\\\/?page_id=1893#primaryimage\"},\"thumbnailUrl\":\"https:\\\/\\\/www.bodegasottano.com\\\/wp-content\\\/uploads\\\/2024\\\/12\\\/Judas-Altamira-scaled.jpg\",\"datePublished\":\"2024-12-05T01:44:00+00:00\",\"dateModified\":\"2025-06-13T12:13:48+00:00\",\"breadcrumb\":{\"@id\":\"https:\\\/\\\/www.bodegasottano.com\\\/?page_id=1893#breadcrumb\"},\"inLanguage\":\"es\",\"potentialAction\":[{\"@type\":\"ReadAction\",\"target\":[\"https:\\\/\\\/www.bodegasottano.com\\\/?page_id=1893\"]}]},{\"@type\":\"ImageObject\",\"inLanguage\":\"es\",\"@id\":\"https:\\\/\\\/www.bodegasottano.com\\\/?page_id=1893#primaryimage\",\"url\":\"https:\\\/\\\/www.bodegasottano.com\\\/wp-content\\\/uploads\\\/2024\\\/12\\\/Judas-Altamira-scaled.jpg\",\"contentUrl\":\"https:\\\/\\\/www.bodegasottano.com\\\/wp-content\\\/uploads\\\/2024\\\/12\\\/Judas-Altamira-scaled.jpg\",\"width\":1707,\"height\":2560},{\"@type\":\"BreadcrumbList\",\"@id\":\"https:\\\/\\\/www.bodegasottano.com\\\/?page_id=1893#breadcrumb\",\"itemListElement\":[{\"@type\":\"ListItem\",\"position\":1,\"name\":\"Portada\",\"item\":\"https:\\\/\\\/www.bodegasottano.com\\\/\"},{\"@type\":\"ListItem\",\"position\":2,\"name\":\"Judas terroir Altamira\"}]},{\"@type\":\"WebSite\",\"@id\":\"https:\\\/\\\/www.bodegasottano.com\\\/#website\",\"url\":\"https:\\\/\\\/www.bodegasottano.com\\\/\",\"name\":\"Bodega Sottano\",\"description\":\"La elegancia de lo cl\u00e1sico\",\"publisher\":{\"@id\":\"https:\\\/\\\/www.bodegasottano.com\\\/#organization\"},\"potentialAction\":[{\"@type\":\"SearchAction\",\"target\":{\"@type\":\"EntryPoint\",\"urlTemplate\":\"https:\\\/\\\/www.bodegasottano.com\\\/?s={search_term_string}\"},\"query-input\":{\"@type\":\"PropertyValueSpecification\",\"valueRequired\":true,\"valueName\":\"search_term_string\"}}],\"inLanguage\":\"es\"},{\"@type\":\"Organization\",\"@id\":\"https:\\\/\\\/www.bodegasottano.com\\\/#organization\",\"name\":\"Bodega Sottano\",\"url\":\"https:\\\/\\\/www.bodegasottano.com\\\/\",\"logo\":{\"@type\":\"ImageObject\",\"inLanguage\":\"es\",\"@id\":\"https:\\\/\\\/www.bodegasottano.com\\\/#\\\/schema\\\/logo\\\/image\\\/\",\"url\":\"https:\\\/\\\/www.bodegasottano.com\\\/wp-content\\\/uploads\\\/2024\\\/09\\\/LOGO-SOTTANO-BLANCO.png\",\"contentUrl\":\"https:\\\/\\\/www.bodegasottano.com\\\/wp-content\\\/uploads\\\/2024\\\/09\\\/LOGO-SOTTANO-BLANCO.png\",\"width\":320,\"height\":48,\"caption\":\"Bodega Sottano\"},\"image\":{\"@id\":\"https:\\\/\\\/www.bodegasottano.com\\\/#\\\/schema\\\/logo\\\/image\\\/\"}}]}<\/script>\n<!-- \/ Yoast SEO plugin. -->","yoast_head_json":{"title":"Judas terroir Altamira - Bodega Sottano","robots":{"index":"index","follow":"follow","max-snippet":"max-snippet:-1","max-image-preview":"max-image-preview:large","max-video-preview":"max-video-preview:-1"},"canonical":"\/?page_id=1893","og_locale":"es_ES","og_type":"article","og_title":"Judas terroir Altamira - Bodega Sottano","og_description":"Judas Terroir Altamira Cuando hablamos de Judas, hablamos de \u00abla manera de hacer JUDAS\u00bb. Hemos creado durante 20 a\u00f1os, una filosof\u00eda de elaboraci\u00f3n donde cada etapa del proceso es tan importante en s\u00ed misma, que requiere de trabajo y dedicaci\u00f3n a conciencia. JUDAS TERROIRS es la manera de hacer Judas, aplicada a los terroirs m\u00e1s [&hellip;]","og_url":"\/?page_id=1893","og_site_name":"Bodega Sottano","article_modified_time":"2025-06-13T12:13:48+00:00","og_image":[{"width":1707,"height":2560,"url":"\/wp-content\/uploads\/2024\/12\/Judas-Altamira-scaled.jpg","type":"image\/jpeg"}],"twitter_card":"summary_large_image","twitter_misc":{"Tiempo de lectura":"1 minuto"},"schema":{"@context":"https:\/\/schema.org","@graph":[{"@type":"WebPage","@id":"\/?page_id=1893","url":"\/?page_id=1893","name":"Judas terroir Altamira - Bodega Sottano","isPartOf":{"@id":"\/#website"},"primaryImageOfPage":{"@id":"\/?page_id=1893#primaryimage"},"image":{"@id":"\/?page_id=1893#primaryimage"},"thumbnailUrl":"\/wp-content\/uploads\/2024\/12\/Judas-Altamira-scaled.jpg","datePublished":"2024-12-05T01:44:00+00:00","dateModified":"2025-06-13T12:13:48+00:00","breadcrumb":{"@id":"\/?page_id=1893#breadcrumb"},"inLanguage":"es","potentialAction":[{"@type":"ReadAction","target":["\/?page_id=1893"]}]},{"@type":"ImageObject","inLanguage":"es","@id":"\/?page_id=1893#primaryimage","url":"\/wp-content\/uploads\/2024\/12\/Judas-Altamira-scaled.jpg","contentUrl":"\/wp-content\/uploads\/2024\/12\/Judas-Altamira-scaled.jpg","width":1707,"height":2560},{"@type":"BreadcrumbList","@id":"\/?page_id=1893#breadcrumb","itemListElement":[{"@type":"ListItem","position":1,"name":"Portada","item":"\/"},{"@type":"ListItem","position":2,"name":"Judas terroir Altamira"}]},{"@type":"WebSite","@id":"\/#website","url":"\/","name":"Bodega Sottano","description":"La elegancia de lo cl\u00e1sico","publisher":{"@id":"\/#organization"},"potentialAction":[{"@type":"SearchAction","target":{"@type":"EntryPoint","urlTemplate":"\/?s={search_term_string}"},"query-input":{"@type":"PropertyValueSpecification","valueRequired":true,"valueName":"search_term_string"}}],"inLanguage":"es"},{"@type":"Organization","@id":"\/#organization","name":"Bodega Sottano","url":"\/","logo":{"@type":"ImageObject","inLanguage":"es","@id":"\/#\/schema\/logo\/image\/","url":"\/wp-content\/uploads\/2024\/09\/LOGO-SOTTANO-BLANCO.png","contentUrl":"\/wp-content\/uploads\/2024\/09\/LOGO-SOTTANO-BLANCO.png","width":320,"height":48,"caption":"Bodega Sottano"},"image":{"@id":"\/#\/schema\/logo\/image\/"}}]}},"_links":{"self":[{"href":"\/index.php?rest_route=\/wp\/v2\/pages\/1893","targetHints":{"allow":["GET"]}}],"collection":[{"href":"\/index.php?rest_route=\/wp\/v2\/pages"}],"about":[{"href":"\/index.php?rest_route=\/wp\/v2\/types\/page"}],"author":[{"embeddable":true,"href":"\/index.php?rest_route=\/wp\/v2\/users\/2"}],"replies":[{"embeddable":true,"href":"\/index.php?rest_route=%2Fwp%2Fv2%2Fcomments&post=1893"}],"version-history":[{"count":37,"href":"\/index.php?rest_route=\/wp\/v2\/pages\/1893\/revisions"}],"predecessor-version":[{"id":3176,"href":"\/index.php?rest_route=\/wp\/v2\/pages\/1893\/revisions\/3176"}],"wp:attachment":[{"href":"\/index.php?rest_route=%2Fwp%2Fv2%2Fmedia&parent=1893"}],"curies":[{"name":"wp","href":"https:\/\/api.w.org\/{rel}","templated":true}]}}