{"id":1077,"date":"2024-10-15T23:17:52","date_gmt":"2024-10-15T23:17:52","guid":{"rendered":"\/?page_id=1077"},"modified":"2024-12-05T15:23:07","modified_gmt":"2024-12-05T15:23:07","slug":"junior-malbec","status":"publish","type":"page","link":"\/?page_id=1077","title":{"rendered":"Junior &#8211; Malbec"},"content":{"rendered":"\t\t<div data-elementor-type=\"wp-page\" data-elementor-id=\"1077\" class=\"elementor elementor-1077\" data-elementor-post-type=\"page\">\n\t\t\t\t<div class=\"elementor-element elementor-element-714adb67 e-flex e-con-boxed e-con e-parent\" data-id=\"714adb67\" data-element_type=\"container\" data-e-type=\"container\">\n\t\t\t\t\t<div class=\"e-con-inner\">\n\t\t<div class=\"elementor-element elementor-element-407efd09 e-con-full e-flex e-con e-child\" data-id=\"407efd09\" data-element_type=\"container\" data-e-type=\"container\" data-settings=\"{&quot;background_background&quot;:&quot;classic&quot;}\">\n\t\t\t\t<div class=\"elementor-element elementor-element-4947d490 elementor-widget elementor-widget-image\" data-id=\"4947d490\" data-element_type=\"widget\" data-e-type=\"widget\" data-widget_type=\"image.default\">\n\t\t\t\t<div class=\"elementor-widget-container\">\n\t\t\t\t\t\t\t\t\t\t\t\t\t\t\t<img fetchpriority=\"high\" decoding=\"async\" width=\"1200\" height=\"1800\" src=\"\/wp-content\/uploads\/2024\/10\/Junior-Malbec-reflejo.png\" class=\"attachment-full size-full wp-image-1063\" alt=\"\" srcset=\"\/wp-content\/uploads\/2024\/10\/Junior-Malbec-reflejo.png 1200w, \/wp-content\/uploads\/2024\/10\/Junior-Malbec-reflejo-200x300.png 200w, \/wp-content\/uploads\/2024\/10\/Junior-Malbec-reflejo-683x1024.png 683w, \/wp-content\/uploads\/2024\/10\/Junior-Malbec-reflejo-768x1152.png 768w, \/wp-content\/uploads\/2024\/10\/Junior-Malbec-reflejo-1024x1536.png 1024w\" sizes=\"(max-width: 1200px) 100vw, 1200px\" \/>\t\t\t\t\t\t\t\t\t\t\t\t\t\t\t<\/div>\n\t\t\t\t<\/div>\n\t\t\t\t<\/div>\n\t\t<div class=\"elementor-element elementor-element-73055f54 e-con-full e-flex e-con e-child\" data-id=\"73055f54\" data-element_type=\"container\" data-e-type=\"container\" data-settings=\"{&quot;background_background&quot;:&quot;classic&quot;}\">\n\t\t\t\t<div class=\"elementor-element elementor-element-e3c9348 elementor-widget elementor-widget-heading\" data-id=\"e3c9348\" data-element_type=\"widget\" data-e-type=\"widget\" data-widget_type=\"heading.default\">\n\t\t\t\t<div class=\"elementor-widget-container\">\n\t\t\t\t\t<h2 class=\"elementor-heading-title elementor-size-default\">Junior - Malbec<\/h2>\t\t\t\t<\/div>\n\t\t\t\t<\/div>\n\t\t\t\t<div class=\"elementor-element elementor-element-886c880 elementor-widget elementor-widget-text-editor\" data-id=\"886c880\" data-element_type=\"widget\" data-e-type=\"widget\" data-widget_type=\"text-editor.default\">\n\t\t\t\t<div class=\"elementor-widget-container\">\n\t\t\t\t\t\t\t\t\t<p>Nuestra l\u00ednea m\u00e1s j\u00f3ven. Con una gran expresi\u00f3n frutal y buenos taninos marcados. Son vinos espont\u00e1neos, ligeros y sin complejidad. Ideal para acompa\u00f1ar momentos con amigos.<\/p>\t\t\t\t\t\t\t\t<\/div>\n\t\t\t\t<\/div>\n\t\t<div class=\"elementor-element elementor-element-598a1939 e-grid e-con-boxed e-con e-child\" data-id=\"598a1939\" data-element_type=\"container\" data-e-type=\"container\">\n\t\t\t\t\t<div class=\"e-con-inner\">\n\t\t\t\t<div class=\"elementor-element elementor-element-5ded15de elementor-align-left elementor-widget elementor-widget-button\" data-id=\"5ded15de\" data-element_type=\"widget\" data-e-type=\"widget\" data-widget_type=\"button.default\">\n\t\t\t\t<div class=\"elementor-widget-container\">\n\t\t\t\t\t\t\t\t\t<div class=\"elementor-button-wrapper\">\n\t\t\t\t\t<a class=\"elementor-button elementor-button-link elementor-size-sm\" href=\"\/wp-content\/uploads\/2024\/10\/Junior-Malbec-reflejo.png\">\n\t\t\t\t\t\t<span class=\"elementor-button-content-wrapper\">\n\t\t\t\t\t\t\t\t\t<span class=\"elementor-button-text\">descargar foto<\/span>\n\t\t\t\t\t<\/span>\n\t\t\t\t\t<\/a>\n\t\t\t\t<\/div>\n\t\t\t\t\t\t\t\t<\/div>\n\t\t\t\t<\/div>\n\t\t\t\t<div class=\"elementor-element elementor-element-1ba62921 elementor-align-left elementor-widget elementor-widget-button\" data-id=\"1ba62921\" data-element_type=\"widget\" data-e-type=\"widget\" data-widget_type=\"button.default\">\n\t\t\t\t<div class=\"elementor-widget-container\">\n\t\t\t\t\t\t\t\t\t<div class=\"elementor-button-wrapper\">\n\t\t\t\t\t<a class=\"elementor-button elementor-button-link elementor-size-sm\" href=\"\/wp-content\/uploads\/2024\/10\/Junior-Malbec-FT-Espanol.pdf\" target=\"_blank\">\n\t\t\t\t\t\t<span class=\"elementor-button-content-wrapper\">\n\t\t\t\t\t\t\t\t\t<span class=\"elementor-button-text\">ficha t\u00e9cnica<\/span>\n\t\t\t\t\t<\/span>\n\t\t\t\t\t<\/a>\n\t\t\t\t<\/div>\n\t\t\t\t\t\t\t\t<\/div>\n\t\t\t\t<\/div>\n\t\t\t\t\t<\/div>\n\t\t\t\t<\/div>\n\t\t\t\t<\/div>\n\t\t\t\t\t<\/div>\n\t\t\t\t<\/div>\n\t\t\t\t<\/div>\n\t\t","protected":false},"excerpt":{"rendered":"<p>Junior &#8211; Malbec Nuestra l\u00ednea m\u00e1s j\u00f3ven. Con una gran expresi\u00f3n frutal y buenos taninos marcados. Son vinos espont\u00e1neos, ligeros y sin complejidad. Ideal para acompa\u00f1ar momentos con amigos. descargar foto ficha t\u00e9cnica<\/p>\n","protected":false},"author":2,"featured_media":0,"parent":0,"menu_order":0,"comment_status":"closed","ping_status":"closed","template":"","meta":{"inline_featured_image":false,"_joinchat":[],"footnotes":""},"class_list":["post-1077","page","type-page","status-publish","hentry"],"yoast_head":"<!-- This site is optimized with the Yoast SEO plugin v27.5 - https:\/\/yoast.com\/product\/yoast-seo-wordpress\/ -->\n<title>Junior - Malbec - Bodega Sottano<\/title>\n<meta name=\"robots\" content=\"index, follow, max-snippet:-1, max-image-preview:large, max-video-preview:-1\" \/>\n<link rel=\"canonical\" href=\"\/?page_id=1077\" \/>\n<meta property=\"og:locale\" content=\"es_ES\" \/>\n<meta property=\"og:type\" content=\"article\" \/>\n<meta property=\"og:title\" content=\"Junior - Malbec - Bodega Sottano\" \/>\n<meta property=\"og:description\" content=\"Junior &#8211; Malbec Nuestra l\u00ednea m\u00e1s j\u00f3ven. Con una gran expresi\u00f3n frutal y buenos taninos marcados. Son vinos espont\u00e1neos, ligeros y sin complejidad. Ideal para acompa\u00f1ar momentos con amigos. descargar foto ficha t\u00e9cnica\" \/>\n<meta property=\"og:url\" content=\"\/?page_id=1077\" \/>\n<meta property=\"og:site_name\" content=\"Bodega Sottano\" \/>\n<meta property=\"article:modified_time\" content=\"2024-12-05T15:23:07+00:00\" \/>\n<meta property=\"og:image\" content=\"\/wp-content\/uploads\/2024\/10\/Junior-Malbec-reflejo.png\" \/>\n<meta name=\"twitter:card\" content=\"summary_large_image\" \/>\n<script type=\"application\/ld+json\" class=\"yoast-schema-graph\">{\"@context\":\"https:\\\/\\\/schema.org\",\"@graph\":[{\"@type\":\"WebPage\",\"@id\":\"https:\\\/\\\/www.bodegasottano.com\\\/?page_id=1077\",\"url\":\"https:\\\/\\\/www.bodegasottano.com\\\/?page_id=1077\",\"name\":\"Junior - Malbec - Bodega Sottano\",\"isPartOf\":{\"@id\":\"https:\\\/\\\/www.bodegasottano.com\\\/#website\"},\"primaryImageOfPage\":{\"@id\":\"https:\\\/\\\/www.bodegasottano.com\\\/?page_id=1077#primaryimage\"},\"image\":{\"@id\":\"https:\\\/\\\/www.bodegasottano.com\\\/?page_id=1077#primaryimage\"},\"thumbnailUrl\":\"https:\\\/\\\/www.bodegasottano.com\\\/wp-content\\\/uploads\\\/2024\\\/10\\\/Junior-Malbec-reflejo.png\",\"datePublished\":\"2024-10-15T23:17:52+00:00\",\"dateModified\":\"2024-12-05T15:23:07+00:00\",\"breadcrumb\":{\"@id\":\"https:\\\/\\\/www.bodegasottano.com\\\/?page_id=1077#breadcrumb\"},\"inLanguage\":\"es\",\"potentialAction\":[{\"@type\":\"ReadAction\",\"target\":[\"https:\\\/\\\/www.bodegasottano.com\\\/?page_id=1077\"]}]},{\"@type\":\"ImageObject\",\"inLanguage\":\"es\",\"@id\":\"https:\\\/\\\/www.bodegasottano.com\\\/?page_id=1077#primaryimage\",\"url\":\"https:\\\/\\\/www.bodegasottano.com\\\/wp-content\\\/uploads\\\/2024\\\/10\\\/Junior-Malbec-reflejo.png\",\"contentUrl\":\"https:\\\/\\\/www.bodegasottano.com\\\/wp-content\\\/uploads\\\/2024\\\/10\\\/Junior-Malbec-reflejo.png\",\"width\":1200,\"height\":1800},{\"@type\":\"BreadcrumbList\",\"@id\":\"https:\\\/\\\/www.bodegasottano.com\\\/?page_id=1077#breadcrumb\",\"itemListElement\":[{\"@type\":\"ListItem\",\"position\":1,\"name\":\"Portada\",\"item\":\"https:\\\/\\\/www.bodegasottano.com\\\/\"},{\"@type\":\"ListItem\",\"position\":2,\"name\":\"Junior &#8211; Malbec\"}]},{\"@type\":\"WebSite\",\"@id\":\"https:\\\/\\\/www.bodegasottano.com\\\/#website\",\"url\":\"https:\\\/\\\/www.bodegasottano.com\\\/\",\"name\":\"Bodega Sottano\",\"description\":\"La elegancia de lo cl\u00e1sico\",\"publisher\":{\"@id\":\"https:\\\/\\\/www.bodegasottano.com\\\/#organization\"},\"potentialAction\":[{\"@type\":\"SearchAction\",\"target\":{\"@type\":\"EntryPoint\",\"urlTemplate\":\"https:\\\/\\\/www.bodegasottano.com\\\/?s={search_term_string}\"},\"query-input\":{\"@type\":\"PropertyValueSpecification\",\"valueRequired\":true,\"valueName\":\"search_term_string\"}}],\"inLanguage\":\"es\"},{\"@type\":\"Organization\",\"@id\":\"https:\\\/\\\/www.bodegasottano.com\\\/#organization\",\"name\":\"Bodega Sottano\",\"url\":\"https:\\\/\\\/www.bodegasottano.com\\\/\",\"logo\":{\"@type\":\"ImageObject\",\"inLanguage\":\"es\",\"@id\":\"https:\\\/\\\/www.bodegasottano.com\\\/#\\\/schema\\\/logo\\\/image\\\/\",\"url\":\"https:\\\/\\\/www.bodegasottano.com\\\/wp-content\\\/uploads\\\/2024\\\/09\\\/LOGO-SOTTANO-BLANCO.png\",\"contentUrl\":\"https:\\\/\\\/www.bodegasottano.com\\\/wp-content\\\/uploads\\\/2024\\\/09\\\/LOGO-SOTTANO-BLANCO.png\",\"width\":320,\"height\":48,\"caption\":\"Bodega Sottano\"},\"image\":{\"@id\":\"https:\\\/\\\/www.bodegasottano.com\\\/#\\\/schema\\\/logo\\\/image\\\/\"}}]}<\/script>\n<!-- \/ Yoast SEO plugin. -->","yoast_head_json":{"title":"Junior - Malbec - Bodega Sottano","robots":{"index":"index","follow":"follow","max-snippet":"max-snippet:-1","max-image-preview":"max-image-preview:large","max-video-preview":"max-video-preview:-1"},"canonical":"\/?page_id=1077","og_locale":"es_ES","og_type":"article","og_title":"Junior - Malbec - Bodega Sottano","og_description":"Junior &#8211; Malbec Nuestra l\u00ednea m\u00e1s j\u00f3ven. Con una gran expresi\u00f3n frutal y buenos taninos marcados. Son vinos espont\u00e1neos, ligeros y sin complejidad. Ideal para acompa\u00f1ar momentos con amigos. descargar foto ficha t\u00e9cnica","og_url":"\/?page_id=1077","og_site_name":"Bodega Sottano","article_modified_time":"2024-12-05T15:23:07+00:00","og_image":[{"url":"\/wp-content\/uploads\/2024\/10\/Junior-Malbec-reflejo.png","type":"","width":"","height":""}],"twitter_card":"summary_large_image","schema":{"@context":"https:\/\/schema.org","@graph":[{"@type":"WebPage","@id":"\/?page_id=1077","url":"\/?page_id=1077","name":"Junior - Malbec - Bodega Sottano","isPartOf":{"@id":"\/#website"},"primaryImageOfPage":{"@id":"\/?page_id=1077#primaryimage"},"image":{"@id":"\/?page_id=1077#primaryimage"},"thumbnailUrl":"\/wp-content\/uploads\/2024\/10\/Junior-Malbec-reflejo.png","datePublished":"2024-10-15T23:17:52+00:00","dateModified":"2024-12-05T15:23:07+00:00","breadcrumb":{"@id":"\/?page_id=1077#breadcrumb"},"inLanguage":"es","potentialAction":[{"@type":"ReadAction","target":["\/?page_id=1077"]}]},{"@type":"ImageObject","inLanguage":"es","@id":"\/?page_id=1077#primaryimage","url":"\/wp-content\/uploads\/2024\/10\/Junior-Malbec-reflejo.png","contentUrl":"\/wp-content\/uploads\/2024\/10\/Junior-Malbec-reflejo.png","width":1200,"height":1800},{"@type":"BreadcrumbList","@id":"\/?page_id=1077#breadcrumb","itemListElement":[{"@type":"ListItem","position":1,"name":"Portada","item":"\/"},{"@type":"ListItem","position":2,"name":"Junior &#8211; Malbec"}]},{"@type":"WebSite","@id":"\/#website","url":"\/","name":"Bodega Sottano","description":"La elegancia de lo cl\u00e1sico","publisher":{"@id":"\/#organization"},"potentialAction":[{"@type":"SearchAction","target":{"@type":"EntryPoint","urlTemplate":"\/?s={search_term_string}"},"query-input":{"@type":"PropertyValueSpecification","valueRequired":true,"valueName":"search_term_string"}}],"inLanguage":"es"},{"@type":"Organization","@id":"\/#organization","name":"Bodega Sottano","url":"\/","logo":{"@type":"ImageObject","inLanguage":"es","@id":"\/#\/schema\/logo\/image\/","url":"\/wp-content\/uploads\/2024\/09\/LOGO-SOTTANO-BLANCO.png","contentUrl":"\/wp-content\/uploads\/2024\/09\/LOGO-SOTTANO-BLANCO.png","width":320,"height":48,"caption":"Bodega Sottano"},"image":{"@id":"\/#\/schema\/logo\/image\/"}}]}},"_links":{"self":[{"href":"\/index.php?rest_route=\/wp\/v2\/pages\/1077","targetHints":{"allow":["GET"]}}],"collection":[{"href":"\/index.php?rest_route=\/wp\/v2\/pages"}],"about":[{"href":"\/index.php?rest_route=\/wp\/v2\/types\/page"}],"author":[{"embeddable":true,"href":"\/index.php?rest_route=\/wp\/v2\/users\/2"}],"replies":[{"embeddable":true,"href":"\/index.php?rest_route=%2Fwp%2Fv2%2Fcomments&post=1077"}],"version-history":[{"count":13,"href":"\/index.php?rest_route=\/wp\/v2\/pages\/1077\/revisions"}],"predecessor-version":[{"id":2379,"href":"\/index.php?rest_route=\/wp\/v2\/pages\/1077\/revisions\/2379"}],"wp:attachment":[{"href":"\/index.php?rest_route=%2Fwp%2Fv2%2Fmedia&parent=1077"}],"curies":[{"name":"wp","href":"https:\/\/api.w.org\/{rel}","templated":true}]}}